{"id":46,"date":"2015-07-15T11:16:14","date_gmt":"2015-07-15T11:16:14","guid":{"rendered":"http:\/\/carbucovina.ro\/?page_id=46"},"modified":"2021-06-24T04:47:36","modified_gmt":"2021-06-24T04:47:36","slug":"credit-rapid","status":"publish","type":"page","link":"https:\/\/carbucovina.ro\/index.php\/credit-rapid\/","title":{"rendered":"Imprumut rapid"},"content":{"rendered":"<h3>Imprumuturi Rapide<\/h3>\n<p><strong>Imprumut cu giranti:<\/strong><\/p>\n<table width=\"709\">\n<tbody>\n<tr>\n<td width=\"123\"><strong>venitul debitorului<\/strong><\/td>\n<td width=\"142\"><strong>suma \u00eemprumutat\u0103<\/strong><\/td>\n<td width=\"161\"><strong>perioada contractual\u0103 maxim\u0103<\/strong><\/td>\n<td width=\"284\"><strong>giran\u021bi necesari<\/strong><\/td>\n<\/tr>\n<tr>\n<td width=\"123\"><strong>\u00a01.386,00 lei<\/strong><\/td>\n<td width=\"142\"><strong>\u00a01.500,00 lei<\/strong><\/td>\n<td width=\"161\"><strong>12 luni<\/strong><\/td>\n<td width=\"284\"><strong>1 (<\/strong>cu venitul minim pe economie)<\/td>\n<\/tr>\n<tr>\n<td width=\"123\"><strong>\u00a01.386,00 lei<\/strong><\/td>\n<td width=\"142\"><strong>\u00a03.500,00 lei<\/strong><\/td>\n<td width=\"161\"><strong>24 luni<\/strong><\/td>\n<td width=\"284\"><strong>2(<\/strong>cu venitul minim pe economie)<\/td>\n<\/tr>\n<tr>\n<td width=\"123\"><strong>\u00a01.386,00 lei<\/strong><\/td>\n<td width=\"142\"><strong>\u00a05.000,00 lei<\/strong><\/td>\n<td width=\"161\"><strong>36 luni<\/strong><\/td>\n<td width=\"284\"><strong>2 <\/strong>sau <strong>3<\/strong> (\u00een func\u021bie de venituri)<\/td>\n<\/tr>\n<tr>\n<td width=\"123\"><strong>\u00a02.000,00 lei<\/strong><\/td>\n<td width=\"142\"><strong>\u00a05.000,00 lei<\/strong><\/td>\n<td width=\"161\"><strong>36 luni<\/strong><\/td>\n<td width=\"284\"><strong>1<\/strong> (cu venit similar debitorului)<\/td>\n<\/tr>\n<tr>\n<td width=\"123\"><strong>\u00a01.386,00 lei<\/strong><\/td>\n<td width=\"142\"><strong>\u00a010.000,00 lei<\/strong><\/td>\n<td width=\"161\"><strong>60 luni<\/strong><\/td>\n<td width=\"284\"><strong>3 <\/strong>sau<strong> 4 <\/strong>(\u00een func\u021bie de venituri)<\/td>\n<\/tr>\n<tr>\n<td width=\"123\"><strong>\u00a02.000,00 lei<\/strong><\/td>\n<td width=\"142\"><strong>\u00a010.000,00 lei<\/strong><\/td>\n<td width=\"161\"><strong>60 luni<\/strong><\/td>\n<td width=\"284\"><strong>2<\/strong> (cu venituri similare debitorului)<\/td>\n<\/tr>\n<tr>\n<td width=\"123\"><strong>\u00a02.000,00 lei<\/strong><\/td>\n<td width=\"142\"><strong>\u00a020.000,00 lei<\/strong><\/td>\n<td width=\"161\"><strong>60 luni<\/strong><\/td>\n<td width=\"284\"><strong>3 <\/strong>sau<strong> 4<\/strong> (\u00een func\u021bie de venituri)<\/td>\n<\/tr>\n<tr>\n<td width=\"123\"><strong>\u00a03.000,00 lei<\/strong><\/td>\n<td width=\"142\"><strong>\u00a020.000,00 lei<\/strong><\/td>\n<td width=\"161\"><strong>60 luni<\/strong><\/td>\n<td width=\"284\"><strong>2<\/strong> (cu venituri similare debitorului)<\/td>\n<\/tr>\n<tr>\n<td width=\"123\"><strong>\u00a03.000,00 lei<\/strong><\/td>\n<td width=\"142\"><strong>\u00a040.000,00 lei<\/strong><\/td>\n<td width=\"161\"><strong>60 luni<\/strong><\/td>\n<td width=\"284\"><strong>3 <\/strong>sau<strong> 4<\/strong> (\u00een func\u021bie de venituri)<\/td>\n<\/tr>\n<tr>\n<td width=\"123\"><strong>\u00a04.000,00 lei<\/strong><\/td>\n<td width=\"142\"><strong>\u00a040.000,00 lei<\/strong><\/td>\n<td width=\"161\"><strong>60 luni<\/strong><\/td>\n<td width=\"284\"><strong>3<\/strong> (cu venituri similare debitorului)<\/td>\n<\/tr>\n<\/tbody>\n<\/table>\n<p><strong>Documente necesare:<\/strong><\/p>\n<ul>\n<li>Document de identitate (CI\/ BI) \u2013 in original<\/li>\n<li>Adeverinta de venit tip\/ cupon de pensie + decizie de pensionare \u2013 in original<\/li>\n<li>Extras din REVISAL (Registrul electronic de eviden\u0163\u0103 a salaria\u0163ilor) \u2013 semnat si stampilat de angajator (pentru salaria\u021bii din mediul privat)<\/li>\n<\/ul>\n<p><strong>Avantaje:<\/strong><\/p>\n<ul>\n<li>operare maxim 4 ore<\/li>\n<li>suma pentru imprumut neplafonata, in functie de venituri si giranti<\/li>\n<li>nu se percep comisioane de administrare<\/li>\n<li>dobanda fixa pe toata perioada derularii creditului<\/li>\n<li>perioada extinsa de rambursare (pana in 5 ani)<\/li>\n<li>consultanta si asistenta juridica gratuita<\/li>\n<li>termenul de rambursare a imprumutului este convenabil si accesibil<\/li>\n<li>pentru noii membri, fondul social poate fi constituit pe loc din imprumutul acordat<\/li>\n<li>pana la 3 luni perioada de gratie<\/li>\n<li>accesibil, adresat si persoanelor cu venituri de minim 1386,00\u00a0lei.<\/li>\n<\/ul>\n","protected":false},"excerpt":{"rendered":"<p>Imprumuturi Rapide Imprumut cu giranti: venitul debitorului suma \u00eemprumutat\u0103 perioada contractual\u0103 maxim\u0103 giran\u021bi necesari \u00a01.386,00 lei \u00a01.500,00 lei 12 luni 1 (cu venitul minim pe economie) \u00a01.386,00 lei \u00a03.500,00 lei 24 luni 2(cu venitul minim pe economie) \u00a01.386,00 lei \u00a05.000,00&hellip; <br \/><a class=\"read-more-button\" href=\"https:\/\/carbucovina.ro\/index.php\/credit-rapid\/\">Read more<\/a><\/p>\n","protected":false},"author":1,"featured_media":0,"parent":0,"menu_order":0,"comment_status":"closed","ping_status":"closed","template":"","meta":[],"yoast_head":"<!-- This site is optimized with the Yoast SEO plugin v19.6 - https:\/\/yoast.com\/wordpress\/plugins\/seo\/ -->\n<title>Imprumut rapid - Casa de Ajutor Reciproc Bucovina<\/title>\n<meta name=\"robots\" content=\"index, follow, max-snippet:-1, max-image-preview:large, max-video-preview:-1\" \/>\n<link rel=\"canonical\" href=\"https:\/\/carbucovina.ro\/index.php\/credit-rapid\/\" \/>\n<meta property=\"og:locale\" content=\"en_US\" \/>\n<meta property=\"og:type\" content=\"article\" \/>\n<meta property=\"og:title\" content=\"Imprumut rapid - Casa de Ajutor Reciproc Bucovina\" \/>\n<meta property=\"og:description\" content=\"Imprumuturi Rapide Imprumut cu giranti: venitul debitorului suma \u00eemprumutat\u0103 perioada contractual\u0103 maxim\u0103 giran\u021bi necesari \u00a01.386,00 lei \u00a01.500,00 lei 12 luni 1 (cu venitul minim pe economie) \u00a01.386,00 lei \u00a03.500,00 lei 24 luni 2(cu venitul minim pe economie) \u00a01.386,00 lei \u00a05.000,00&hellip; Read more\" \/>\n<meta property=\"og:url\" content=\"https:\/\/carbucovina.ro\/index.php\/credit-rapid\/\" \/>\n<meta property=\"og:site_name\" content=\"Casa de Ajutor Reciproc Bucovina\" \/>\n<meta property=\"article:modified_time\" content=\"2021-06-24T04:47:36+00:00\" \/>\n<meta name=\"twitter:card\" content=\"summary\" \/>\n<meta name=\"twitter:label1\" content=\"Est. reading time\" \/>\n\t<meta name=\"twitter:data1\" content=\"1 minute\" \/>\n<script type=\"application\/ld+json\" class=\"yoast-schema-graph\">{\"@context\":\"https:\/\/schema.org\",\"@graph\":[{\"@type\":\"WebPage\",\"@id\":\"https:\/\/carbucovina.ro\/index.php\/credit-rapid\/\",\"url\":\"https:\/\/carbucovina.ro\/index.php\/credit-rapid\/\",\"name\":\"Imprumut rapid - Casa de Ajutor Reciproc Bucovina\",\"isPartOf\":{\"@id\":\"http:\/\/carbucovina.ro\/#website\"},\"datePublished\":\"2015-07-15T11:16:14+00:00\",\"dateModified\":\"2021-06-24T04:47:36+00:00\",\"breadcrumb\":{\"@id\":\"https:\/\/carbucovina.ro\/index.php\/credit-rapid\/#breadcrumb\"},\"inLanguage\":\"en-US\",\"potentialAction\":[{\"@type\":\"ReadAction\",\"target\":[\"https:\/\/carbucovina.ro\/index.php\/credit-rapid\/\"]}]},{\"@type\":\"BreadcrumbList\",\"@id\":\"https:\/\/carbucovina.ro\/index.php\/credit-rapid\/#breadcrumb\",\"itemListElement\":[{\"@type\":\"ListItem\",\"position\":1,\"name\":\"Home\",\"item\":\"http:\/\/carbucovina.ro\/\"},{\"@type\":\"ListItem\",\"position\":2,\"name\":\"Imprumut rapid\"}]},{\"@type\":\"WebSite\",\"@id\":\"http:\/\/carbucovina.ro\/#website\",\"url\":\"http:\/\/carbucovina.ro\/\",\"name\":\"Casa de Ajutor Reciproc Bucovina\",\"description\":\"Casa de ajutor reciproc Suceava, Imprumuturi rapide, credite nebancare, credite rapide\",\"publisher\":{\"@id\":\"http:\/\/carbucovina.ro\/#organization\"},\"potentialAction\":[{\"@type\":\"SearchAction\",\"target\":{\"@type\":\"EntryPoint\",\"urlTemplate\":\"http:\/\/carbucovina.ro\/?s={search_term_string}\"},\"query-input\":\"required name=search_term_string\"}],\"inLanguage\":\"en-US\"},{\"@type\":\"Organization\",\"@id\":\"http:\/\/carbucovina.ro\/#organization\",\"name\":\"Casa de Ajutor Reciproc Bucovina\",\"url\":\"http:\/\/carbucovina.ro\/\",\"sameAs\":[],\"logo\":{\"@type\":\"ImageObject\",\"inLanguage\":\"en-US\",\"@id\":\"http:\/\/carbucovina.ro\/#\/schema\/logo\/image\/\",\"url\":\"http:\/\/carbucovina.ro\/wp-content\/uploads\/2015\/11\/logo.jpg\",\"contentUrl\":\"http:\/\/carbucovina.ro\/wp-content\/uploads\/2015\/11\/logo.jpg\",\"width\":350,\"height\":350,\"caption\":\"Casa de Ajutor Reciproc Bucovina\"},\"image\":{\"@id\":\"http:\/\/carbucovina.ro\/#\/schema\/logo\/image\/\"}}]}<\/script>\n<!-- \/ Yoast SEO plugin. -->","yoast_head_json":{"title":"Imprumut rapid - Casa de Ajutor Reciproc Bucovina","robots":{"index":"index","follow":"follow","max-snippet":"max-snippet:-1","max-image-preview":"max-image-preview:large","max-video-preview":"max-video-preview:-1"},"canonical":"https:\/\/carbucovina.ro\/index.php\/credit-rapid\/","og_locale":"en_US","og_type":"article","og_title":"Imprumut rapid - Casa de Ajutor Reciproc Bucovina","og_description":"Imprumuturi Rapide Imprumut cu giranti: venitul debitorului suma \u00eemprumutat\u0103 perioada contractual\u0103 maxim\u0103 giran\u021bi necesari \u00a01.386,00 lei \u00a01.500,00 lei 12 luni 1 (cu venitul minim pe economie) \u00a01.386,00 lei \u00a03.500,00 lei 24 luni 2(cu venitul minim pe economie) \u00a01.386,00 lei \u00a05.000,00&hellip; Read more","og_url":"https:\/\/carbucovina.ro\/index.php\/credit-rapid\/","og_site_name":"Casa de Ajutor Reciproc Bucovina","article_modified_time":"2021-06-24T04:47:36+00:00","twitter_card":"summary","twitter_misc":{"Est. reading time":"1 minute"},"schema":{"@context":"https:\/\/schema.org","@graph":[{"@type":"WebPage","@id":"https:\/\/carbucovina.ro\/index.php\/credit-rapid\/","url":"https:\/\/carbucovina.ro\/index.php\/credit-rapid\/","name":"Imprumut rapid - Casa de Ajutor Reciproc Bucovina","isPartOf":{"@id":"http:\/\/carbucovina.ro\/#website"},"datePublished":"2015-07-15T11:16:14+00:00","dateModified":"2021-06-24T04:47:36+00:00","breadcrumb":{"@id":"https:\/\/carbucovina.ro\/index.php\/credit-rapid\/#breadcrumb"},"inLanguage":"en-US","potentialAction":[{"@type":"ReadAction","target":["https:\/\/carbucovina.ro\/index.php\/credit-rapid\/"]}]},{"@type":"BreadcrumbList","@id":"https:\/\/carbucovina.ro\/index.php\/credit-rapid\/#breadcrumb","itemListElement":[{"@type":"ListItem","position":1,"name":"Home","item":"http:\/\/carbucovina.ro\/"},{"@type":"ListItem","position":2,"name":"Imprumut rapid"}]},{"@type":"WebSite","@id":"http:\/\/carbucovina.ro\/#website","url":"http:\/\/carbucovina.ro\/","name":"Casa de Ajutor Reciproc Bucovina","description":"Casa de ajutor reciproc Suceava, Imprumuturi rapide, credite nebancare, credite rapide","publisher":{"@id":"http:\/\/carbucovina.ro\/#organization"},"potentialAction":[{"@type":"SearchAction","target":{"@type":"EntryPoint","urlTemplate":"http:\/\/carbucovina.ro\/?s={search_term_string}"},"query-input":"required name=search_term_string"}],"inLanguage":"en-US"},{"@type":"Organization","@id":"http:\/\/carbucovina.ro\/#organization","name":"Casa de Ajutor Reciproc Bucovina","url":"http:\/\/carbucovina.ro\/","sameAs":[],"logo":{"@type":"ImageObject","inLanguage":"en-US","@id":"http:\/\/carbucovina.ro\/#\/schema\/logo\/image\/","url":"http:\/\/carbucovina.ro\/wp-content\/uploads\/2015\/11\/logo.jpg","contentUrl":"http:\/\/carbucovina.ro\/wp-content\/uploads\/2015\/11\/logo.jpg","width":350,"height":350,"caption":"Casa de Ajutor Reciproc Bucovina"},"image":{"@id":"http:\/\/carbucovina.ro\/#\/schema\/logo\/image\/"}}]}},"_links":{"self":[{"href":"https:\/\/carbucovina.ro\/index.php\/wp-json\/wp\/v2\/pages\/46"}],"collection":[{"href":"https:\/\/carbucovina.ro\/index.php\/wp-json\/wp\/v2\/pages"}],"about":[{"href":"https:\/\/carbucovina.ro\/index.php\/wp-json\/wp\/v2\/types\/page"}],"author":[{"embeddable":true,"href":"https:\/\/carbucovina.ro\/index.php\/wp-json\/wp\/v2\/users\/1"}],"replies":[{"embeddable":true,"href":"https:\/\/carbucovina.ro\/index.php\/wp-json\/wp\/v2\/comments?post=46"}],"version-history":[{"count":18,"href":"https:\/\/carbucovina.ro\/index.php\/wp-json\/wp\/v2\/pages\/46\/revisions"}],"predecessor-version":[{"id":701,"href":"https:\/\/carbucovina.ro\/index.php\/wp-json\/wp\/v2\/pages\/46\/revisions\/701"}],"wp:attachment":[{"href":"https:\/\/carbucovina.ro\/index.php\/wp-json\/wp\/v2\/media?parent=46"}],"curies":[{"name":"wp","href":"https:\/\/api.w.org\/{rel}","templated":true}]}}