{"id":38,"date":"2015-07-15T11:14:07","date_gmt":"2015-07-15T11:14:07","guid":{"rendered":"http:\/\/carbucovina.ro\/?page_id=38"},"modified":"2022-07-01T04:12:40","modified_gmt":"2022-07-01T04:12:40","slug":"economisire","status":"publish","type":"page","link":"https:\/\/carbucovina.ro\/index.php\/economisire\/","title":{"rendered":"Economisire"},"content":{"rendered":"<p><span style=\"color: #000080;\"><strong>Economisire<\/strong><\/span><\/p>\n<div dir=\"ltr\"><b>Art. 1<\/b>\u00a0\u00cencep\u00e2nd cu data\u00a0<b>01.07.2022,\u00a0<\/b>dac\u0103 fondul social constituit \u0219i dob\u00e2nda acumulat\u0103 sunt retrase mai devreme de\u00a0<b>6 luni<\/b>, dob\u00e2nda este egal\u0103 cu\u00a0<b>4,09%\/an.<\/b><\/div>\n<div><span lang=\"RO\"><b>Art. 2<\/b>\u00a0(1) \u00cencep\u00e2nd cu data\u00a0<b>01.07.2022<\/b>, membrii pot constitui fondurile sociale op\u021bionale\u00a0 pentru\u00a0<b>6 luni<\/b>, astfel dac\u0103 fondul social constituit \u0219i dob\u00e2nda acumulat\u0103 sunt retrase dup\u0103\u00a0<b>6 luni<\/b>, dar mai devreme de\u00a0<b>12 luni<\/b>, dob\u00e2nda este egal\u0103 cu\u00a0<b>7,11%\/an<\/b>, fiind format\u0103 din 4,09% dob\u00e2nd\u0103 + 3,02% bonifica\u021bie.<\/span><\/div>\n<p class=\"yiv3914435614ydpf8a9df9MsoNormal\"><span lang=\"RO\">(2) Dac\u0103 fondul social constituit \u0219i dob\u00e2nda acumulat\u0103 sunt retrase anterior celor 6 luni, dob\u00e2nda primit\u0103 va fi egal\u0103 cu 4,09%, \u00eens\u0103 dac\u0103 acestea sunt retrase \u00eentre 6 \u0219i 12 luni, dob\u00e2nda primit\u0103 va fi egal\u0103 cu 7,11% pentru toat\u0103 perioada.<\/span><\/p>\n<p class=\"yiv3914435614ydpf8a9df9MsoNormal\"><b><span lang=\"RO\">Art. 3<\/span><\/b><span lang=\"RO\">\u00a0(1)\u00a0<\/span><span lang=\"RO\">\u00cencep\u00e2nd cu data\u00a0<b>01.07.2022<\/b>, se modific\u0103 dob\u00e2nda acordat\u0103 fondurile sociale op\u021bionale pentru\u00a0<b>12 luni<\/b>, astfel dac\u0103 fondul social constituit \u0219i dob\u00e2nda acumulat\u0103 sunt retrase dup\u0103\u00a0<b>12 luni<\/b>, dar mai devreme de\u00a0<b>24 luni<\/b>, dob\u00e2nda este egal\u0103 cu\u00a0<b>9,11%\/an<\/b>, fiind format\u0103 din 4,09% dob\u00e2nd\u0103 + 5,02% bonifica\u021bie).<\/span><\/p>\n<p class=\"yiv3914435614ydpf8a9df9MsoNormal\"><span lang=\"RO\">(2) Dac\u0103 fondul social constituit \u0219i dob\u00e2nda acumulat\u0103 sunt retrase anterior celor 12 luni, dob\u00e2nda primit\u0103 va fi egal\u0103 cu 4,09% ori 7,11%, \u00een acord cu perioada men\u021bionat\u0103 la art. 1, \u00eens\u0103 dac\u0103 acestea sunt retrase \u00eentre 12 \u0219i 24 luni, dob\u00e2nda primit\u0103 va fi egal\u0103 cu 9,11% pentru toat\u0103 perioada.<\/span><\/p>\n<p class=\"yiv3914435614ydpf8a9df9MsoNormal\"><b><span lang=\"RO\">Art. 4<\/span><\/b><span lang=\"RO\">\u00a0<\/span><span lang=\"RO\">\u00cencep\u00e2nd cu data\u00a0<b>01.07.2022<\/b>, se modific\u0103 dob\u00e2nda acordat\u0103 fondurile sociale op\u021bionale pentru\u00a0<b>24 luni<\/b>, astfel dac\u0103<b>\u00a0<\/b>fondul social constituit \u0219i dob\u00e2nda acumulat\u0103 nu sunt retrase timp de\u00a0<b>24 luni<\/b>, dob\u00e2nda acordat\u0103 este egal\u0103 cu\u00a0<b>11,11%\/ an<\/b>, fiind format\u0103 din 4,09% dob\u00e2nd\u0103 + 7,02% bonifica\u021bie).<\/span><\/p>\n<p><strong>Avantaje:<\/strong><\/p>\n<ul>\n<li>Fara comision depunere<\/li>\n<li>Fara comision retragere<\/li>\n<li>Fara comision administrare<\/li>\n<li>Fara limita de suma<\/li>\n<li>Fara impozitarea dobanzii<\/li>\n<li>Flexibilitate pentru depunere si retragere<\/li>\n<li>Calcularea dobanzii la soldul zilnic disponibil<\/li>\n<li>50 RON \u2013 taxa unica de inscriere membru CAR Bucovina<\/li>\n<li>Pensionarii beneficiaza de inscriere gratuita.<\/li>\n<li>Fondurile sociale proprii ale membrilor sunt bonificate cu dobanzi atractive;<\/li>\n<\/ul>\n","protected":false},"excerpt":{"rendered":"<p>Economisire Art. 1\u00a0\u00cencep\u00e2nd cu data\u00a001.07.2022,\u00a0dac\u0103 fondul social constituit \u0219i dob\u00e2nda acumulat\u0103 sunt retrase mai devreme de\u00a06 luni, dob\u00e2nda este egal\u0103 cu\u00a04,09%\/an. Art. 2\u00a0(1) \u00cencep\u00e2nd cu data\u00a001.07.2022, membrii pot constitui fondurile sociale op\u021bionale\u00a0 pentru\u00a06 luni, astfel dac\u0103 fondul social constituit \u0219i&hellip; <br \/><a class=\"read-more-button\" href=\"https:\/\/carbucovina.ro\/index.php\/economisire\/\">Read more<\/a><\/p>\n","protected":false},"author":1,"featured_media":0,"parent":0,"menu_order":0,"comment_status":"closed","ping_status":"closed","template":"","meta":[],"yoast_head":"<!-- This site is optimized with the Yoast SEO plugin v19.6 - https:\/\/yoast.com\/wordpress\/plugins\/seo\/ -->\n<title>Economisire - Casa de Ajutor Reciproc Bucovina<\/title>\n<meta name=\"robots\" content=\"index, follow, max-snippet:-1, max-image-preview:large, max-video-preview:-1\" \/>\n<link rel=\"canonical\" href=\"https:\/\/carbucovina.ro\/index.php\/economisire\/\" \/>\n<meta property=\"og:locale\" content=\"en_US\" \/>\n<meta property=\"og:type\" content=\"article\" \/>\n<meta property=\"og:title\" content=\"Economisire - Casa de Ajutor Reciproc Bucovina\" \/>\n<meta property=\"og:description\" content=\"Economisire Art. 1\u00a0\u00cencep\u00e2nd cu data\u00a001.07.2022,\u00a0dac\u0103 fondul social constituit \u0219i dob\u00e2nda acumulat\u0103 sunt retrase mai devreme de\u00a06 luni, dob\u00e2nda este egal\u0103 cu\u00a04,09%\/an. Art. 2\u00a0(1) \u00cencep\u00e2nd cu data\u00a001.07.2022, membrii pot constitui fondurile sociale op\u021bionale\u00a0 pentru\u00a06 luni, astfel dac\u0103 fondul social constituit \u0219i&hellip; Read more\" \/>\n<meta property=\"og:url\" content=\"https:\/\/carbucovina.ro\/index.php\/economisire\/\" \/>\n<meta property=\"og:site_name\" content=\"Casa de Ajutor Reciproc Bucovina\" \/>\n<meta property=\"article:modified_time\" content=\"2022-07-01T04:12:40+00:00\" \/>\n<meta name=\"twitter:card\" content=\"summary\" \/>\n<meta name=\"twitter:label1\" content=\"Est. reading time\" \/>\n\t<meta name=\"twitter:data1\" content=\"2 minutes\" \/>\n<script type=\"application\/ld+json\" class=\"yoast-schema-graph\">{\"@context\":\"https:\/\/schema.org\",\"@graph\":[{\"@type\":\"WebPage\",\"@id\":\"https:\/\/carbucovina.ro\/index.php\/economisire\/\",\"url\":\"https:\/\/carbucovina.ro\/index.php\/economisire\/\",\"name\":\"Economisire - Casa de Ajutor Reciproc Bucovina\",\"isPartOf\":{\"@id\":\"http:\/\/carbucovina.ro\/#website\"},\"datePublished\":\"2015-07-15T11:14:07+00:00\",\"dateModified\":\"2022-07-01T04:12:40+00:00\",\"breadcrumb\":{\"@id\":\"https:\/\/carbucovina.ro\/index.php\/economisire\/#breadcrumb\"},\"inLanguage\":\"en-US\",\"potentialAction\":[{\"@type\":\"ReadAction\",\"target\":[\"https:\/\/carbucovina.ro\/index.php\/economisire\/\"]}]},{\"@type\":\"BreadcrumbList\",\"@id\":\"https:\/\/carbucovina.ro\/index.php\/economisire\/#breadcrumb\",\"itemListElement\":[{\"@type\":\"ListItem\",\"position\":1,\"name\":\"Home\",\"item\":\"http:\/\/carbucovina.ro\/\"},{\"@type\":\"ListItem\",\"position\":2,\"name\":\"Economisire\"}]},{\"@type\":\"WebSite\",\"@id\":\"http:\/\/carbucovina.ro\/#website\",\"url\":\"http:\/\/carbucovina.ro\/\",\"name\":\"Casa de Ajutor Reciproc Bucovina\",\"description\":\"Casa de ajutor reciproc Suceava, Imprumuturi rapide, credite nebancare, credite rapide\",\"publisher\":{\"@id\":\"http:\/\/carbucovina.ro\/#organization\"},\"potentialAction\":[{\"@type\":\"SearchAction\",\"target\":{\"@type\":\"EntryPoint\",\"urlTemplate\":\"http:\/\/carbucovina.ro\/?s={search_term_string}\"},\"query-input\":\"required name=search_term_string\"}],\"inLanguage\":\"en-US\"},{\"@type\":\"Organization\",\"@id\":\"http:\/\/carbucovina.ro\/#organization\",\"name\":\"Casa de Ajutor Reciproc Bucovina\",\"url\":\"http:\/\/carbucovina.ro\/\",\"sameAs\":[],\"logo\":{\"@type\":\"ImageObject\",\"inLanguage\":\"en-US\",\"@id\":\"http:\/\/carbucovina.ro\/#\/schema\/logo\/image\/\",\"url\":\"http:\/\/carbucovina.ro\/wp-content\/uploads\/2015\/11\/logo.jpg\",\"contentUrl\":\"http:\/\/carbucovina.ro\/wp-content\/uploads\/2015\/11\/logo.jpg\",\"width\":350,\"height\":350,\"caption\":\"Casa de Ajutor Reciproc Bucovina\"},\"image\":{\"@id\":\"http:\/\/carbucovina.ro\/#\/schema\/logo\/image\/\"}}]}<\/script>\n<!-- \/ Yoast SEO plugin. -->","yoast_head_json":{"title":"Economisire - Casa de Ajutor Reciproc Bucovina","robots":{"index":"index","follow":"follow","max-snippet":"max-snippet:-1","max-image-preview":"max-image-preview:large","max-video-preview":"max-video-preview:-1"},"canonical":"https:\/\/carbucovina.ro\/index.php\/economisire\/","og_locale":"en_US","og_type":"article","og_title":"Economisire - Casa de Ajutor Reciproc Bucovina","og_description":"Economisire Art. 1\u00a0\u00cencep\u00e2nd cu data\u00a001.07.2022,\u00a0dac\u0103 fondul social constituit \u0219i dob\u00e2nda acumulat\u0103 sunt retrase mai devreme de\u00a06 luni, dob\u00e2nda este egal\u0103 cu\u00a04,09%\/an. Art. 2\u00a0(1) \u00cencep\u00e2nd cu data\u00a001.07.2022, membrii pot constitui fondurile sociale op\u021bionale\u00a0 pentru\u00a06 luni, astfel dac\u0103 fondul social constituit \u0219i&hellip; Read more","og_url":"https:\/\/carbucovina.ro\/index.php\/economisire\/","og_site_name":"Casa de Ajutor Reciproc Bucovina","article_modified_time":"2022-07-01T04:12:40+00:00","twitter_card":"summary","twitter_misc":{"Est. reading time":"2 minutes"},"schema":{"@context":"https:\/\/schema.org","@graph":[{"@type":"WebPage","@id":"https:\/\/carbucovina.ro\/index.php\/economisire\/","url":"https:\/\/carbucovina.ro\/index.php\/economisire\/","name":"Economisire - Casa de Ajutor Reciproc Bucovina","isPartOf":{"@id":"http:\/\/carbucovina.ro\/#website"},"datePublished":"2015-07-15T11:14:07+00:00","dateModified":"2022-07-01T04:12:40+00:00","breadcrumb":{"@id":"https:\/\/carbucovina.ro\/index.php\/economisire\/#breadcrumb"},"inLanguage":"en-US","potentialAction":[{"@type":"ReadAction","target":["https:\/\/carbucovina.ro\/index.php\/economisire\/"]}]},{"@type":"BreadcrumbList","@id":"https:\/\/carbucovina.ro\/index.php\/economisire\/#breadcrumb","itemListElement":[{"@type":"ListItem","position":1,"name":"Home","item":"http:\/\/carbucovina.ro\/"},{"@type":"ListItem","position":2,"name":"Economisire"}]},{"@type":"WebSite","@id":"http:\/\/carbucovina.ro\/#website","url":"http:\/\/carbucovina.ro\/","name":"Casa de Ajutor Reciproc Bucovina","description":"Casa de ajutor reciproc Suceava, Imprumuturi rapide, credite nebancare, credite rapide","publisher":{"@id":"http:\/\/carbucovina.ro\/#organization"},"potentialAction":[{"@type":"SearchAction","target":{"@type":"EntryPoint","urlTemplate":"http:\/\/carbucovina.ro\/?s={search_term_string}"},"query-input":"required name=search_term_string"}],"inLanguage":"en-US"},{"@type":"Organization","@id":"http:\/\/carbucovina.ro\/#organization","name":"Casa de Ajutor Reciproc Bucovina","url":"http:\/\/carbucovina.ro\/","sameAs":[],"logo":{"@type":"ImageObject","inLanguage":"en-US","@id":"http:\/\/carbucovina.ro\/#\/schema\/logo\/image\/","url":"http:\/\/carbucovina.ro\/wp-content\/uploads\/2015\/11\/logo.jpg","contentUrl":"http:\/\/carbucovina.ro\/wp-content\/uploads\/2015\/11\/logo.jpg","width":350,"height":350,"caption":"Casa de Ajutor Reciproc Bucovina"},"image":{"@id":"http:\/\/carbucovina.ro\/#\/schema\/logo\/image\/"}}]}},"_links":{"self":[{"href":"https:\/\/carbucovina.ro\/index.php\/wp-json\/wp\/v2\/pages\/38"}],"collection":[{"href":"https:\/\/carbucovina.ro\/index.php\/wp-json\/wp\/v2\/pages"}],"about":[{"href":"https:\/\/carbucovina.ro\/index.php\/wp-json\/wp\/v2\/types\/page"}],"author":[{"embeddable":true,"href":"https:\/\/carbucovina.ro\/index.php\/wp-json\/wp\/v2\/users\/1"}],"replies":[{"embeddable":true,"href":"https:\/\/carbucovina.ro\/index.php\/wp-json\/wp\/v2\/comments?post=38"}],"version-history":[{"count":22,"href":"https:\/\/carbucovina.ro\/index.php\/wp-json\/wp\/v2\/pages\/38\/revisions"}],"predecessor-version":[{"id":1362,"href":"https:\/\/carbucovina.ro\/index.php\/wp-json\/wp\/v2\/pages\/38\/revisions\/1362"}],"wp:attachment":[{"href":"https:\/\/carbucovina.ro\/index.php\/wp-json\/wp\/v2\/media?parent=38"}],"curies":[{"name":"wp","href":"https:\/\/api.w.org\/{rel}","templated":true}]}}