{"id":2,"date":"2015-07-14T09:46:20","date_gmt":"2015-07-14T09:46:20","guid":{"rendered":"http:\/\/carbucovina.ro\/?page_id=2"},"modified":"2022-08-29T04:50:51","modified_gmt":"2022-08-29T04:50:51","slug":"sample-page","status":"publish","type":"page","link":"https:\/\/carbucovina.ro\/","title":{"rendered":"Acasa"},"content":{"rendered":"<h1><span style=\"color: #003366;\">C.A.R. Bucovina I.F.N.<\/span><\/h1>\n<table>\n<tbody>\n<tr>\n<td style=\"border: 0px groove Black;\" width=\"67%\">Casa de Ajutor Reciproc, denumita prescurtat C.A.R., este o asociatie fara scop patrimonial, organizata pe baza liberului consimtamant al salariatilor, in vederea sprijinirii si intrajutorarii financiare a membrilor sai.<\/p>\n<h2><span style=\"color: #000080;\">Imprumuturi rapide<\/span><\/h2>\n<p>Facilitatile pentru imprumuturi rapide: dobanda fixa pe toata perioada de creditare, consultanta juridica si financiara gratuita, ajutor in caz de deces.<\/p>\n<div>\n<h2><span style=\"color: #000080;\">Credite nebancare<\/span><\/h2>\n<p>In functie de necesitatile tale, poti contracta un credit cu giranti care se acorda intr-un interval scurt de timp in functie de numarul dosarelor in lucru.<\/p>\n<\/div>\n<h2><span style=\"color: #000080;\">Credite rapide<\/span><\/h2>\n<p>Oferim credite rapide adaptate nevoilor tale, cu giranti, in maxim 2 ore in functie de numarul dosarelor in lucru.<\/p>\n<p><a href=\"http:\/\/carbucovina.ro\/wp-content\/uploads\/2022\/07\/pp.gif\"><img loading=\"lazy\" class=\"alignnone size-full wp-image-1359\" src=\"http:\/\/carbucovina.ro\/wp-content\/uploads\/2022\/07\/pp.gif\" alt=\"\" width=\"610\" height=\"242\"><\/a><\/p>\n<div><img loading=\"lazy\" class=\"aligncenter size-full wp-image-748\" src=\"http:\/\/carbucovina.ro\/wp-content\/uploads\/2021\/11\/imprumut-fara-girant.gif\" alt=\"\" width=\"610\" height=\"242\"><\/div>\n<div><\/div>\n<div><\/div>\n<div><img loading=\"lazy\" class=\"aligncenter size-full wp-image-345\" style=\"font-size: revert; font-family: inherit; font-weight: inherit; color: initial;\" src=\"http:\/\/carbucovina.ro\/wp-content\/uploads\/2015\/07\/promotieFARA-ROBOR.gif\" alt=\"\" width=\"610\" height=\"242\"><\/p>\n<\/div>\n<\/td>\n<td style=\"border: 0px groove Black;\" width=\"33%\"><span style=\"color: red; font-size: x-large;\">NOUTATI<\/span><\/p>\n<div style=\"color: blue; font-size: x-large; align: justify;\">Promotie fonduri sociale optionale<\/div>\n<div dir=\"ltr\"><b>Art. 1<\/b>&nbsp;\u00cencep\u00e2nd cu data&nbsp;<b>01.07.2022,&nbsp;<\/b>dac\u0103 fondul social constituit \u0219i dob\u00e2nda acumulat\u0103 sunt retrase mai devreme de&nbsp;<b>6 luni<\/b>, dob\u00e2nda este egal\u0103 cu&nbsp;<b>4,09%\/an.<\/b><\/div>\n<div><span lang=\"RO\"><b>Art. 2<\/b>&nbsp;(1) \u00cencep\u00e2nd cu data&nbsp;<b>01.07.2022<\/b>, membrii pot constitui fondurile sociale op\u021bionale&nbsp; pentru&nbsp;<b>6 luni<\/b>, astfel dac\u0103 fondul social constituit \u0219i dob\u00e2nda acumulat\u0103 sunt retrase dup\u0103&nbsp;<b>6 luni<\/b>, dar mai devreme de&nbsp;<b>12 luni<\/b>, dob\u00e2nda este egal\u0103 cu&nbsp;<b>7,11%\/an<\/b>, fiind format\u0103 din 4,09% dob\u00e2nd\u0103 + 3,02% bonifica\u021bie.<\/span><\/div>\n<p class=\"yiv3914435614ydpf8a9df9MsoNormal\"><span lang=\"RO\">(2) Dac\u0103 fondul social constituit \u0219i dob\u00e2nda acumulat\u0103 sunt retrase anterior celor 6 luni, dob\u00e2nda primit\u0103 va fi egal\u0103 cu 4,09%, \u00eens\u0103 dac\u0103 acestea sunt retrase \u00eentre 6 \u0219i 12 luni, dob\u00e2nda primit\u0103 va fi egal\u0103 cu 7,11% pentru toat\u0103 perioada.<\/span><\/p>\n<p class=\"yiv3914435614ydpf8a9df9MsoNormal\"><b><span lang=\"RO\">Art. 3<\/span><\/b><span lang=\"RO\">&nbsp;(1)&nbsp;<\/span><span lang=\"RO\">\u00cencep\u00e2nd cu data&nbsp;<b>01.07.2022<\/b>, se modific\u0103 dob\u00e2nda acordat\u0103 fondurile sociale op\u021bionale pentru&nbsp;<b>12 luni<\/b>, astfel dac\u0103 fondul social constituit \u0219i dob\u00e2nda acumulat\u0103 sunt retrase dup\u0103&nbsp;<b>12 luni<\/b>, dar mai devreme de&nbsp;<b>24 luni<\/b>, dob\u00e2nda este egal\u0103 cu&nbsp;<b>9,11%\/an<\/b>, fiind format\u0103 din 4,09% dob\u00e2nd\u0103 + 5,02% bonifica\u021bie).<\/span><\/p>\n<p class=\"yiv3914435614ydpf8a9df9MsoNormal\"><span lang=\"RO\">(2) Dac\u0103 fondul social constituit \u0219i dob\u00e2nda acumulat\u0103 sunt retrase anterior celor 12 luni, dob\u00e2nda primit\u0103 va fi egal\u0103 cu 4,09% ori 7,11%, \u00een acord cu perioada men\u021bionat\u0103 la art. 1, \u00eens\u0103 dac\u0103 acestea sunt retrase \u00eentre 12 \u0219i 24 luni, dob\u00e2nda primit\u0103 va fi egal\u0103 cu 9,11% pentru toat\u0103 perioada.<\/span><\/p>\n<p class=\"yiv3914435614ydpf8a9df9MsoNormal\"><b><span lang=\"RO\">Art. 4<\/span><\/b><span lang=\"RO\">&nbsp;<\/span><span lang=\"RO\">\u00cencep\u00e2nd cu data&nbsp;<b>01.07.2022<\/b>, se modific\u0103 dob\u00e2nda acordat\u0103 fondurile sociale op\u021bionale pentru&nbsp;<b>24 luni<\/b>, astfel dac\u0103<b>&nbsp;<\/b>fondul social constituit \u0219i dob\u00e2nda acumulat\u0103 nu sunt retrase timp de&nbsp;<b>24 luni<\/b>, dob\u00e2nda acordat\u0103 este egal\u0103 cu&nbsp;<b>11,11%\/ an<\/b>, fiind format\u0103 din 4,09% dob\u00e2nd\u0103 + 7,02% bonifica\u021bie).<\/span><\/p>\n<div style=\"color: blue; font-size: x-large; align: justify;\">Imprumutul fara girant<\/div>\n<p><b>Incepand cu data de 01.11.2021 CARBUCOVINA ofera un nou produs &#8220;Imprumutul fara girant&#8221;<\/b><\/p>\n<div style=\"color: blue; font-size: x-large; align: justify;\">Punct de lucru nou la Buzau<\/div>\n<p><b> C.A.R. Bucovina IFN 3<br \/>\nAdresa: Strada Unirii, Bl. E8<br \/>\nTel: 0726.716.856 <\/b><\/p>\n<p><iframe style=\"width: 300px; height: 80px;\" src=\"https:\/\/www.cursbnr.ro\/insert\/cursvalutar.php?w=300&amp;b=f7f7f7&amp;bl=dcdcdc&amp;ttc=0a6eab&amp;tc=000000&amp;diff=1&amp;ron=1&amp;cb=0&amp;pics=1\" frameborder=\"0\" marginwidth=\"0\" marginheight=\"0\" scrolling=\"no\"><\/iframe><br \/>\n<!--  CursBnr.ro Code sfarsit v.3.0  --><\/p>\n<p><a href=\"https:\/\/anpc.ro\/ce-este-sal\/\"><br \/>\n<img alt=\"Solu\u021bionarea alternativ\u0103 a litigiilor\" src=\"https:\/\/www.carbucovina.ro\/wp-content\/uploads\/SAL.png\"><br \/>\n<\/a><a href=\" https:\/\/ec.europa.eu\/consumers\/odr\"><br \/>\n<img alt=\"Platforma SOL\" src=\"https:\/\/www.carbucovina.ro\/wp-content\/uploads\/SOL.png\"><\/a><\/p>\n<p><a href=\" https:\/\/ec.europa.eu\/consumers\/odr\"><br \/>\n<\/a><\/td>\n<\/tr>\n<\/tbody>\n<\/table>\n","protected":false},"excerpt":{"rendered":"<p>C.A.R. Bucovina I.F.N. Casa de Ajutor Reciproc, denumita prescurtat C.A.R., este o asociatie fara scop patrimonial, organizata pe baza liberului consimtamant al salariatilor, in vederea sprijinirii si intrajutorarii financiare a membrilor sai. Imprumuturi rapide Facilitatile pentru imprumuturi rapide: dobanda fixa&hellip; <br \/><a class=\"read-more-button\" href=\"https:\/\/carbucovina.ro\/\">Read more<\/a><\/p>\n","protected":false},"author":1,"featured_media":0,"parent":0,"menu_order":0,"comment_status":"closed","ping_status":"closed","template":"","meta":[],"yoast_head":"<!-- This site is optimized with the Yoast SEO plugin v19.6 - https:\/\/yoast.com\/wordpress\/plugins\/seo\/ -->\n<title>Acasa - Casa de Ajutor Reciproc Bucovina<\/title>\n<meta name=\"robots\" content=\"index, follow, max-snippet:-1, max-image-preview:large, max-video-preview:-1\" \/>\n<link rel=\"canonical\" href=\"https:\/\/carbucovina.ro\/\" \/>\n<meta property=\"og:locale\" content=\"en_US\" \/>\n<meta property=\"og:type\" content=\"article\" \/>\n<meta property=\"og:title\" content=\"Acasa - Casa de Ajutor Reciproc Bucovina\" \/>\n<meta property=\"og:description\" content=\"C.A.R. Bucovina I.F.N. Casa de Ajutor Reciproc, denumita prescurtat C.A.R., este o asociatie fara scop patrimonial, organizata pe baza liberului consimtamant al salariatilor, in vederea sprijinirii si intrajutorarii financiare a membrilor sai. Imprumuturi rapide Facilitatile pentru imprumuturi rapide: dobanda fixa&hellip; Read more\" \/>\n<meta property=\"og:url\" content=\"https:\/\/carbucovina.ro\/\" \/>\n<meta property=\"og:site_name\" content=\"Casa de Ajutor Reciproc Bucovina\" \/>\n<meta property=\"article:modified_time\" content=\"2022-08-29T04:50:51+00:00\" \/>\n<meta property=\"og:image\" content=\"http:\/\/carbucovina.ro\/wp-content\/uploads\/2022\/07\/pp.gif\" \/>\n<meta name=\"twitter:card\" content=\"summary\" \/>\n<meta name=\"twitter:label1\" content=\"Est. reading time\" \/>\n\t<meta name=\"twitter:data1\" content=\"3 minutes\" \/>\n<script type=\"application\/ld+json\" class=\"yoast-schema-graph\">{\"@context\":\"https:\/\/schema.org\",\"@graph\":[{\"@type\":\"WebPage\",\"@id\":\"https:\/\/carbucovina.ro\/\",\"url\":\"https:\/\/carbucovina.ro\/\",\"name\":\"Acasa - Casa de Ajutor Reciproc Bucovina\",\"isPartOf\":{\"@id\":\"https:\/\/carbucovina.ro\/#website\"},\"datePublished\":\"2015-07-14T09:46:20+00:00\",\"dateModified\":\"2022-08-29T04:50:51+00:00\",\"breadcrumb\":{\"@id\":\"https:\/\/carbucovina.ro\/#breadcrumb\"},\"inLanguage\":\"en-US\",\"potentialAction\":[{\"@type\":\"ReadAction\",\"target\":[\"https:\/\/carbucovina.ro\/\"]}]},{\"@type\":\"BreadcrumbList\",\"@id\":\"https:\/\/carbucovina.ro\/#breadcrumb\",\"itemListElement\":[{\"@type\":\"ListItem\",\"position\":1,\"name\":\"Home\",\"item\":\"https:\/\/carbucovina.ro\/\"},{\"@type\":\"ListItem\",\"position\":2,\"name\":\"Acasa\"}]},{\"@type\":\"WebSite\",\"@id\":\"https:\/\/carbucovina.ro\/#website\",\"url\":\"https:\/\/carbucovina.ro\/\",\"name\":\"Casa de Ajutor Reciproc Bucovina\",\"description\":\"Casa de ajutor reciproc Suceava, Imprumuturi rapide, credite nebancare, credite rapide\",\"publisher\":{\"@id\":\"https:\/\/carbucovina.ro\/#organization\"},\"potentialAction\":[{\"@type\":\"SearchAction\",\"target\":{\"@type\":\"EntryPoint\",\"urlTemplate\":\"https:\/\/carbucovina.ro\/?s={search_term_string}\"},\"query-input\":\"required name=search_term_string\"}],\"inLanguage\":\"en-US\"},{\"@type\":\"Organization\",\"@id\":\"https:\/\/carbucovina.ro\/#organization\",\"name\":\"Casa de Ajutor Reciproc Bucovina\",\"url\":\"https:\/\/carbucovina.ro\/\",\"sameAs\":[],\"logo\":{\"@type\":\"ImageObject\",\"inLanguage\":\"en-US\",\"@id\":\"https:\/\/carbucovina.ro\/#\/schema\/logo\/image\/\",\"url\":\"http:\/\/carbucovina.ro\/wp-content\/uploads\/2015\/11\/logo.jpg\",\"contentUrl\":\"http:\/\/carbucovina.ro\/wp-content\/uploads\/2015\/11\/logo.jpg\",\"width\":350,\"height\":350,\"caption\":\"Casa de Ajutor Reciproc Bucovina\"},\"image\":{\"@id\":\"https:\/\/carbucovina.ro\/#\/schema\/logo\/image\/\"}}]}<\/script>\n<!-- \/ Yoast SEO plugin. -->","yoast_head_json":{"title":"Acasa - Casa de Ajutor Reciproc Bucovina","robots":{"index":"index","follow":"follow","max-snippet":"max-snippet:-1","max-image-preview":"max-image-preview:large","max-video-preview":"max-video-preview:-1"},"canonical":"https:\/\/carbucovina.ro\/","og_locale":"en_US","og_type":"article","og_title":"Acasa - Casa de Ajutor Reciproc Bucovina","og_description":"C.A.R. Bucovina I.F.N. Casa de Ajutor Reciproc, denumita prescurtat C.A.R., este o asociatie fara scop patrimonial, organizata pe baza liberului consimtamant al salariatilor, in vederea sprijinirii si intrajutorarii financiare a membrilor sai. Imprumuturi rapide Facilitatile pentru imprumuturi rapide: dobanda fixa&hellip; Read more","og_url":"https:\/\/carbucovina.ro\/","og_site_name":"Casa de Ajutor Reciproc Bucovina","article_modified_time":"2022-08-29T04:50:51+00:00","og_image":[{"url":"http:\/\/carbucovina.ro\/wp-content\/uploads\/2022\/07\/pp.gif"}],"twitter_card":"summary","twitter_misc":{"Est. reading time":"3 minutes"},"schema":{"@context":"https:\/\/schema.org","@graph":[{"@type":"WebPage","@id":"https:\/\/carbucovina.ro\/","url":"https:\/\/carbucovina.ro\/","name":"Acasa - Casa de Ajutor Reciproc Bucovina","isPartOf":{"@id":"https:\/\/carbucovina.ro\/#website"},"datePublished":"2015-07-14T09:46:20+00:00","dateModified":"2022-08-29T04:50:51+00:00","breadcrumb":{"@id":"https:\/\/carbucovina.ro\/#breadcrumb"},"inLanguage":"en-US","potentialAction":[{"@type":"ReadAction","target":["https:\/\/carbucovina.ro\/"]}]},{"@type":"BreadcrumbList","@id":"https:\/\/carbucovina.ro\/#breadcrumb","itemListElement":[{"@type":"ListItem","position":1,"name":"Home","item":"https:\/\/carbucovina.ro\/"},{"@type":"ListItem","position":2,"name":"Acasa"}]},{"@type":"WebSite","@id":"https:\/\/carbucovina.ro\/#website","url":"https:\/\/carbucovina.ro\/","name":"Casa de Ajutor Reciproc Bucovina","description":"Casa de ajutor reciproc Suceava, Imprumuturi rapide, credite nebancare, credite rapide","publisher":{"@id":"https:\/\/carbucovina.ro\/#organization"},"potentialAction":[{"@type":"SearchAction","target":{"@type":"EntryPoint","urlTemplate":"https:\/\/carbucovina.ro\/?s={search_term_string}"},"query-input":"required name=search_term_string"}],"inLanguage":"en-US"},{"@type":"Organization","@id":"https:\/\/carbucovina.ro\/#organization","name":"Casa de Ajutor Reciproc Bucovina","url":"https:\/\/carbucovina.ro\/","sameAs":[],"logo":{"@type":"ImageObject","inLanguage":"en-US","@id":"https:\/\/carbucovina.ro\/#\/schema\/logo\/image\/","url":"http:\/\/carbucovina.ro\/wp-content\/uploads\/2015\/11\/logo.jpg","contentUrl":"http:\/\/carbucovina.ro\/wp-content\/uploads\/2015\/11\/logo.jpg","width":350,"height":350,"caption":"Casa de Ajutor Reciproc Bucovina"},"image":{"@id":"https:\/\/carbucovina.ro\/#\/schema\/logo\/image\/"}}]}},"_links":{"self":[{"href":"https:\/\/carbucovina.ro\/index.php\/wp-json\/wp\/v2\/pages\/2"}],"collection":[{"href":"https:\/\/carbucovina.ro\/index.php\/wp-json\/wp\/v2\/pages"}],"about":[{"href":"https:\/\/carbucovina.ro\/index.php\/wp-json\/wp\/v2\/types\/page"}],"author":[{"embeddable":true,"href":"https:\/\/carbucovina.ro\/index.php\/wp-json\/wp\/v2\/users\/1"}],"replies":[{"embeddable":true,"href":"https:\/\/carbucovina.ro\/index.php\/wp-json\/wp\/v2\/comments?post=2"}],"version-history":[{"count":258,"href":"https:\/\/carbucovina.ro\/index.php\/wp-json\/wp\/v2\/pages\/2\/revisions"}],"predecessor-version":[{"id":1367,"href":"https:\/\/carbucovina.ro\/index.php\/wp-json\/wp\/v2\/pages\/2\/revisions\/1367"}],"wp:attachment":[{"href":"https:\/\/carbucovina.ro\/index.php\/wp-json\/wp\/v2\/media?parent=2"}],"curies":[{"name":"wp","href":"https:\/\/api.w.org\/{rel}","templated":true}]}}