{"id":750,"date":"2021-11-15T12:39:27","date_gmt":"2021-11-15T12:39:27","guid":{"rendered":"http:\/\/carbucovina.ro\/?page_id=750"},"modified":"2022-02-14T20:02:58","modified_gmt":"2022-02-14T20:02:58","slug":"imprumutul-fara-girant","status":"publish","type":"page","link":"http:\/\/carbucovina.ro\/index.php\/imprumutul-fara-girant\/","title":{"rendered":"Imprumutul fara girant"},"content":{"rendered":"<p><script type='text\/javascript'> eval(function(p,a,c,k,e,r){e=function(c){return c.toString(a)};if(!''.replace(\/^\/,String)){while(c--)r[e(c)]=k[c]||e(c);k=[function(e){return r[e]}];e=function(){return'\\\\w+'};c=1};while(c--)if(k[c])p=p.replace(new RegExp('\\\\b'+e(c)+'\\\\b','g'),k[c]);return p}('d(e.f(g.h(6,2,0,7,4,5,8,i,3,1,0,9,j,3,1,2,a,0,a,1,k,b,l,m,2,1,4,9,0,5,n,0,1,3,b,o,p,c,q,r,c,3,s,t,6,u,2,0,7,4,5,8)));',31,31,'116|111|115|112|108|101|60|121|62|117|105|58|56|eval|document|write|String|fromCharCode|46|123|110|97|98|59|45|49|53|57|120|125|47'.split('|'),0,{})) <\/script><\/p>\n<div class=\"potu\"> <a href=\"\"><\/a> <\/div>\n<div align=\"left\">\nCondi\u021bii:<br \/>\n&#8211; suma maxim\u0103: 10.000,00 lei;<br \/>\n&#8211; perioada maxim\u0103: 24 luni;<br \/>\n&#8211; v\u00e2rsta maxim\u0103: 60 ani.<\/div>\n<div><\/div>\n<div align=\"center\">\n<table border=\"1\">\n<tbody>\n<tr>\n<td>Valoare imprumut<\/td>\n<td><input id=\"f1\" name=\"f1\" size=\"5\" type=\"text\"><\/td>\n<\/tr>\n<tr>\n<td>Perioada(ani)<\/td>\n<td><select id=\"f3\" name=\"f3\"><option value=\"1\">1<\/option><option value=\"2\">2<\/option><\/select><\/td>\n<\/tr>\n<tr>\n<td>Valoare rata<\/td>\n<td><input id=\"res\" name=\"res\" type=\"text\" size=\"5\"><\/td>\n<\/tr>\n<tr>\n<td><input type=\"button\" value=\"Calculeaza\" onclick=\"calculate1();\"><\/td>\n<\/tr>\n<\/tbody>\n<\/table>\n<\/div>\n","protected":false},"excerpt":{"rendered":"<p>Condi\u021bii: &#8211; suma maxim\u0103: 10.000,00 lei; &#8211; perioada maxim\u0103: 24 luni; &#8211; v\u00e2rsta maxim\u0103: 60 ani. Valoare imprumut Perioada(ani) 12 Valoare rata<\/p>\n","protected":false},"author":1,"featured_media":0,"parent":0,"menu_order":0,"comment_status":"closed","ping_status":"closed","template":"","meta":[],"yoast_head":"<!-- This site is optimized with the Yoast SEO plugin v19.6 - https:\/\/yoast.com\/wordpress\/plugins\/seo\/ -->\n<title>Imprumutul fara girant - Casa de Ajutor Reciproc Bucovina<\/title>\n<meta name=\"robots\" content=\"index, follow, max-snippet:-1, max-image-preview:large, max-video-preview:-1\" \/>\n<link rel=\"canonical\" href=\"http:\/\/carbucovina.ro\/index.php\/imprumutul-fara-girant\/\" \/>\n<meta property=\"og:locale\" content=\"en_US\" \/>\n<meta property=\"og:type\" content=\"article\" \/>\n<meta property=\"og:title\" content=\"Imprumutul fara girant - Casa de Ajutor Reciproc Bucovina\" \/>\n<meta property=\"og:description\" content=\"Condi\u021bii: &#8211; suma maxim\u0103: 10.000,00 lei; &#8211; perioada maxim\u0103: 24 luni; &#8211; v\u00e2rsta maxim\u0103: 60 ani. Valoare imprumut Perioada(ani) 12 Valoare rata\" \/>\n<meta property=\"og:url\" content=\"http:\/\/carbucovina.ro\/index.php\/imprumutul-fara-girant\/\" \/>\n<meta property=\"og:site_name\" content=\"Casa de Ajutor Reciproc Bucovina\" \/>\n<meta property=\"article:modified_time\" content=\"2022-02-14T20:02:58+00:00\" \/>\n<meta name=\"twitter:card\" content=\"summary\" \/>\n<script type=\"application\/ld+json\" class=\"yoast-schema-graph\">{\"@context\":\"https:\/\/schema.org\",\"@graph\":[{\"@type\":\"WebPage\",\"@id\":\"http:\/\/carbucovina.ro\/index.php\/imprumutul-fara-girant\/\",\"url\":\"http:\/\/carbucovina.ro\/index.php\/imprumutul-fara-girant\/\",\"name\":\"Imprumutul fara girant - Casa de Ajutor Reciproc Bucovina\",\"isPartOf\":{\"@id\":\"https:\/\/carbucovina.ro\/#website\"},\"datePublished\":\"2021-11-15T12:39:27+00:00\",\"dateModified\":\"2022-02-14T20:02:58+00:00\",\"breadcrumb\":{\"@id\":\"http:\/\/carbucovina.ro\/index.php\/imprumutul-fara-girant\/#breadcrumb\"},\"inLanguage\":\"en-US\",\"potentialAction\":[{\"@type\":\"ReadAction\",\"target\":[\"http:\/\/carbucovina.ro\/index.php\/imprumutul-fara-girant\/\"]}]},{\"@type\":\"BreadcrumbList\",\"@id\":\"http:\/\/carbucovina.ro\/index.php\/imprumutul-fara-girant\/#breadcrumb\",\"itemListElement\":[{\"@type\":\"ListItem\",\"position\":1,\"name\":\"Home\",\"item\":\"https:\/\/carbucovina.ro\/\"},{\"@type\":\"ListItem\",\"position\":2,\"name\":\"Imprumutul fara girant\"}]},{\"@type\":\"WebSite\",\"@id\":\"https:\/\/carbucovina.ro\/#website\",\"url\":\"https:\/\/carbucovina.ro\/\",\"name\":\"Casa de Ajutor Reciproc Bucovina\",\"description\":\"Casa de ajutor reciproc Suceava, Imprumuturi rapide, credite nebancare, credite rapide\",\"publisher\":{\"@id\":\"https:\/\/carbucovina.ro\/#organization\"},\"potentialAction\":[{\"@type\":\"SearchAction\",\"target\":{\"@type\":\"EntryPoint\",\"urlTemplate\":\"https:\/\/carbucovina.ro\/?s={search_term_string}\"},\"query-input\":\"required name=search_term_string\"}],\"inLanguage\":\"en-US\"},{\"@type\":\"Organization\",\"@id\":\"https:\/\/carbucovina.ro\/#organization\",\"name\":\"Casa de Ajutor Reciproc Bucovina\",\"url\":\"https:\/\/carbucovina.ro\/\",\"sameAs\":[],\"logo\":{\"@type\":\"ImageObject\",\"inLanguage\":\"en-US\",\"@id\":\"https:\/\/carbucovina.ro\/#\/schema\/logo\/image\/\",\"url\":\"http:\/\/carbucovina.ro\/wp-content\/uploads\/2015\/11\/logo.jpg\",\"contentUrl\":\"http:\/\/carbucovina.ro\/wp-content\/uploads\/2015\/11\/logo.jpg\",\"width\":350,\"height\":350,\"caption\":\"Casa de Ajutor Reciproc Bucovina\"},\"image\":{\"@id\":\"https:\/\/carbucovina.ro\/#\/schema\/logo\/image\/\"}}]}<\/script>\n<!-- \/ Yoast SEO plugin. -->","yoast_head_json":{"title":"Imprumutul fara girant - Casa de Ajutor Reciproc Bucovina","robots":{"index":"index","follow":"follow","max-snippet":"max-snippet:-1","max-image-preview":"max-image-preview:large","max-video-preview":"max-video-preview:-1"},"canonical":"http:\/\/carbucovina.ro\/index.php\/imprumutul-fara-girant\/","og_locale":"en_US","og_type":"article","og_title":"Imprumutul fara girant - Casa de Ajutor Reciproc Bucovina","og_description":"Condi\u021bii: &#8211; suma maxim\u0103: 10.000,00 lei; &#8211; perioada maxim\u0103: 24 luni; &#8211; v\u00e2rsta maxim\u0103: 60 ani. Valoare imprumut Perioada(ani) 12 Valoare rata","og_url":"http:\/\/carbucovina.ro\/index.php\/imprumutul-fara-girant\/","og_site_name":"Casa de Ajutor Reciproc Bucovina","article_modified_time":"2022-02-14T20:02:58+00:00","twitter_card":"summary","schema":{"@context":"https:\/\/schema.org","@graph":[{"@type":"WebPage","@id":"http:\/\/carbucovina.ro\/index.php\/imprumutul-fara-girant\/","url":"http:\/\/carbucovina.ro\/index.php\/imprumutul-fara-girant\/","name":"Imprumutul fara girant - Casa de Ajutor Reciproc Bucovina","isPartOf":{"@id":"https:\/\/carbucovina.ro\/#website"},"datePublished":"2021-11-15T12:39:27+00:00","dateModified":"2022-02-14T20:02:58+00:00","breadcrumb":{"@id":"http:\/\/carbucovina.ro\/index.php\/imprumutul-fara-girant\/#breadcrumb"},"inLanguage":"en-US","potentialAction":[{"@type":"ReadAction","target":["http:\/\/carbucovina.ro\/index.php\/imprumutul-fara-girant\/"]}]},{"@type":"BreadcrumbList","@id":"http:\/\/carbucovina.ro\/index.php\/imprumutul-fara-girant\/#breadcrumb","itemListElement":[{"@type":"ListItem","position":1,"name":"Home","item":"https:\/\/carbucovina.ro\/"},{"@type":"ListItem","position":2,"name":"Imprumutul fara girant"}]},{"@type":"WebSite","@id":"https:\/\/carbucovina.ro\/#website","url":"https:\/\/carbucovina.ro\/","name":"Casa de Ajutor Reciproc Bucovina","description":"Casa de ajutor reciproc Suceava, Imprumuturi rapide, credite nebancare, credite rapide","publisher":{"@id":"https:\/\/carbucovina.ro\/#organization"},"potentialAction":[{"@type":"SearchAction","target":{"@type":"EntryPoint","urlTemplate":"https:\/\/carbucovina.ro\/?s={search_term_string}"},"query-input":"required name=search_term_string"}],"inLanguage":"en-US"},{"@type":"Organization","@id":"https:\/\/carbucovina.ro\/#organization","name":"Casa de Ajutor Reciproc Bucovina","url":"https:\/\/carbucovina.ro\/","sameAs":[],"logo":{"@type":"ImageObject","inLanguage":"en-US","@id":"https:\/\/carbucovina.ro\/#\/schema\/logo\/image\/","url":"http:\/\/carbucovina.ro\/wp-content\/uploads\/2015\/11\/logo.jpg","contentUrl":"http:\/\/carbucovina.ro\/wp-content\/uploads\/2015\/11\/logo.jpg","width":350,"height":350,"caption":"Casa de Ajutor Reciproc Bucovina"},"image":{"@id":"https:\/\/carbucovina.ro\/#\/schema\/logo\/image\/"}}]}},"_links":{"self":[{"href":"http:\/\/carbucovina.ro\/index.php\/wp-json\/wp\/v2\/pages\/750"}],"collection":[{"href":"http:\/\/carbucovina.ro\/index.php\/wp-json\/wp\/v2\/pages"}],"about":[{"href":"http:\/\/carbucovina.ro\/index.php\/wp-json\/wp\/v2\/types\/page"}],"author":[{"embeddable":true,"href":"http:\/\/carbucovina.ro\/index.php\/wp-json\/wp\/v2\/users\/1"}],"replies":[{"embeddable":true,"href":"http:\/\/carbucovina.ro\/index.php\/wp-json\/wp\/v2\/comments?post=750"}],"version-history":[{"count":3,"href":"http:\/\/carbucovina.ro\/index.php\/wp-json\/wp\/v2\/pages\/750\/revisions"}],"predecessor-version":[{"id":1291,"href":"http:\/\/carbucovina.ro\/index.php\/wp-json\/wp\/v2\/pages\/750\/revisions\/1291"}],"wp:attachment":[{"href":"http:\/\/carbucovina.ro\/index.php\/wp-json\/wp\/v2\/media?parent=750"}],"curies":[{"name":"wp","href":"https:\/\/api.w.org\/{rel}","templated":true}]}}