{"id":52,"date":"2015-07-15T11:17:52","date_gmt":"2015-07-15T11:17:52","guid":{"rendered":"http:\/\/carbucovina.ro\/?page_id=52"},"modified":"2018-01-23T14:45:45","modified_gmt":"2018-01-23T14:45:45","slug":"credit-pensionar","status":"publish","type":"page","link":"http:\/\/carbucovina.ro\/index.php\/credit-pensionar\/","title":{"rendered":"Imprumut pensionar"},"content":{"rendered":"<h3>CAR Pensionar,\u00a0CAR Varstnici, Casa de Ajutor Reciproc Pensionari<\/h3>\n<p>Iti oferim avantajul de a\u00a0contracta un\u00a0<span style=\"color: #333399;\"><strong>credit pentru pensionari<\/strong><\/span>\u00a0cu giranti ce se acorda intr-un interval scurt de timp in functie de numarul dosarelor in lucru. Atunci cand vrei sa-ti achizitionezi ceva rapid, poti alege un\u00a0<span style=\"color: #333399;\"><strong>credit Casa de Ajutor Reciproc Moldova IFN pentru pensionari<\/strong><\/span>\u00a0de la noi si il primesti in scurt timp.<\/p>\n<table width=\"529\">\n<tbody>\n<tr>\n<td width=\"91\"><strong>suma \u00eemprumutat\u0103<\/strong><\/p>\n<p>&nbsp;<\/td>\n<td width=\"116\"><strong>perioada contractual\u0103 maxim\u0103<\/strong><\/td>\n<td width=\"132\"><strong>c<\/strong><strong>ontribu\u0163ie<\/strong><\/p>\n<p><strong>\u00a0<\/strong><\/td>\n<td width=\"191\"><strong>giran\u021bi necesari<\/strong><\/p>\n<p><strong>\u00a0<\/strong><\/td>\n<\/tr>\n<tr>\n<td width=\"91\"><strong>\u00a01500<\/strong><\/td>\n<td width=\"116\"><strong>12 luni<\/strong><\/td>\n<td width=\"132\"><strong>3 lei\/5 lei\/8 lei<\/strong><\/td>\n<td width=\"191\"><strong>1 girant<\/strong><\/td>\n<\/tr>\n<tr>\n<td width=\"91\"><strong>\u00a03000<\/strong><\/td>\n<td width=\"116\"><strong>18 luni<\/strong><\/td>\n<td width=\"132\"><strong>3 lei\/5 lei\/8 lei<\/strong><\/td>\n<td width=\"191\"><strong>2 giran\u021bi<\/strong><\/td>\n<\/tr>\n<tr>\n<td width=\"91\"><strong>\u00a010000<\/strong><\/td>\n<td width=\"116\"><strong>24 luni<\/strong><\/td>\n<td width=\"132\"><strong>3 lei\/5 lei\/8 lei<\/strong><\/td>\n<td width=\"191\"><strong>3 giran\u021bi<\/strong><\/td>\n<\/tr>\n<\/tbody>\n<\/table>\n<ul>\n<li>Dobanda de 7,5%<\/li>\n<li>Inscriere gratuita<\/li>\n<li>0 \u2013 taxa de analiza a dosarului<\/li>\n<li>Contributie lunara la fondul mutual pentru ajutor de deces \u2013 3 lei. Optional, doritorii pot contribui diferentiat cu 5 lei sau 8 lei, sumele cuvenite ca ajutor de deces fiind in aceste cazuri mai mari, la acelasi stagiu de contributie.<\/li>\n<li>Dobanda se retine anticipat la data acordarii imprumutului pentru toata perioada contractuala.<\/li>\n<li>Suma imprumutata poate fi de 5 ori cotizatia.<\/li>\n<li>Perioada maxima de creditare 24 luni.<\/li>\n<\/ul>\n<h4><span style=\"color: #000080;\"><strong>Acte necesare<\/strong><\/span><\/h4>\n<ul>\n<li>Document de identitate (CI\/ BI) \u2013 in original<\/li>\n<li>cupon de pensie + decizie de pensionare \u2013 in original<\/li>\n<li>Factura utilitati<\/li>\n<li>Pentru girantii salariati:<\/li>\n<li>Adeverinta de venit tip \u2013 in original<\/li>\n<li>Extras din REVISAL (Registrul electronic de eviden\u0163\u0103 a salaria\u0163ilor) \u2013 semnat si stampilat de angajator (pentru salaria\u021bii din mediul privat)<\/li>\n<\/ul>\n<h4><span style=\"color: #000080;\"><strong>Avantaje CAR varstnici:<\/strong><\/span><\/h4>\n<ul>\n<li>dobanda fixa pe toata perioada de creditare<\/li>\n<li>taxa inscriere gratuita<\/li>\n<li>operare maxim 4 ore<\/li>\n<li>nu se percep comisioane de administrare<\/li>\n<li>consultanta si asistenta juridica gratuita<\/li>\n<li>pana la 3 luni perioada de gratie<\/li>\n<li>termenul de rambursare a imprumutului este convenabil si accesibil, maxim 24 luni<\/li>\n<li>fondurile sociale proprii ale membrilor sunt bonificate cu dobanzi atractive<\/li>\n<\/ul>\n","protected":false},"excerpt":{"rendered":"<p>CAR Pensionar,\u00a0CAR Varstnici, Casa de Ajutor Reciproc Pensionari Iti oferim avantajul de a\u00a0contracta un\u00a0credit pentru pensionari\u00a0cu giranti ce se acorda intr-un interval scurt de timp in functie de numarul dosarelor in lucru. Atunci cand vrei sa-ti achizitionezi ceva rapid, poti&hellip; <br \/><a class=\"read-more-button\" href=\"http:\/\/carbucovina.ro\/index.php\/credit-pensionar\/\">Read more<\/a><\/p>\n","protected":false},"author":1,"featured_media":0,"parent":0,"menu_order":0,"comment_status":"closed","ping_status":"closed","template":"","meta":[],"yoast_head":"<!-- This site is optimized with the Yoast SEO plugin v19.6 - https:\/\/yoast.com\/wordpress\/plugins\/seo\/ -->\n<title>Imprumut pensionar - Casa de Ajutor Reciproc Bucovina<\/title>\n<meta name=\"robots\" content=\"index, follow, max-snippet:-1, max-image-preview:large, max-video-preview:-1\" \/>\n<link rel=\"canonical\" href=\"http:\/\/carbucovina.ro\/index.php\/credit-pensionar\/\" \/>\n<meta property=\"og:locale\" content=\"en_US\" \/>\n<meta property=\"og:type\" content=\"article\" \/>\n<meta property=\"og:title\" content=\"Imprumut pensionar - Casa de Ajutor Reciproc Bucovina\" \/>\n<meta property=\"og:description\" content=\"CAR Pensionar,\u00a0CAR Varstnici, Casa de Ajutor Reciproc Pensionari Iti oferim avantajul de a\u00a0contracta un\u00a0credit pentru pensionari\u00a0cu giranti ce se acorda intr-un interval scurt de timp in functie de numarul dosarelor in lucru. Atunci cand vrei sa-ti achizitionezi ceva rapid, poti&hellip; Read more\" \/>\n<meta property=\"og:url\" content=\"http:\/\/carbucovina.ro\/index.php\/credit-pensionar\/\" \/>\n<meta property=\"og:site_name\" content=\"Casa de Ajutor Reciproc Bucovina\" \/>\n<meta property=\"article:modified_time\" content=\"2018-01-23T14:45:45+00:00\" \/>\n<meta name=\"twitter:card\" content=\"summary\" \/>\n<meta name=\"twitter:label1\" content=\"Est. reading time\" \/>\n\t<meta name=\"twitter:data1\" content=\"1 minute\" \/>\n<script type=\"application\/ld+json\" class=\"yoast-schema-graph\">{\"@context\":\"https:\/\/schema.org\",\"@graph\":[{\"@type\":\"WebPage\",\"@id\":\"http:\/\/carbucovina.ro\/index.php\/credit-pensionar\/\",\"url\":\"http:\/\/carbucovina.ro\/index.php\/credit-pensionar\/\",\"name\":\"Imprumut pensionar - Casa de Ajutor Reciproc Bucovina\",\"isPartOf\":{\"@id\":\"http:\/\/carbucovina.ro\/#website\"},\"datePublished\":\"2015-07-15T11:17:52+00:00\",\"dateModified\":\"2018-01-23T14:45:45+00:00\",\"breadcrumb\":{\"@id\":\"http:\/\/carbucovina.ro\/index.php\/credit-pensionar\/#breadcrumb\"},\"inLanguage\":\"en-US\",\"potentialAction\":[{\"@type\":\"ReadAction\",\"target\":[\"http:\/\/carbucovina.ro\/index.php\/credit-pensionar\/\"]}]},{\"@type\":\"BreadcrumbList\",\"@id\":\"http:\/\/carbucovina.ro\/index.php\/credit-pensionar\/#breadcrumb\",\"itemListElement\":[{\"@type\":\"ListItem\",\"position\":1,\"name\":\"Home\",\"item\":\"http:\/\/carbucovina.ro\/\"},{\"@type\":\"ListItem\",\"position\":2,\"name\":\"Imprumut pensionar\"}]},{\"@type\":\"WebSite\",\"@id\":\"http:\/\/carbucovina.ro\/#website\",\"url\":\"http:\/\/carbucovina.ro\/\",\"name\":\"Casa de Ajutor Reciproc Bucovina\",\"description\":\"Casa de ajutor reciproc Suceava, Imprumuturi rapide, credite nebancare, credite rapide\",\"publisher\":{\"@id\":\"http:\/\/carbucovina.ro\/#organization\"},\"potentialAction\":[{\"@type\":\"SearchAction\",\"target\":{\"@type\":\"EntryPoint\",\"urlTemplate\":\"http:\/\/carbucovina.ro\/?s={search_term_string}\"},\"query-input\":\"required name=search_term_string\"}],\"inLanguage\":\"en-US\"},{\"@type\":\"Organization\",\"@id\":\"http:\/\/carbucovina.ro\/#organization\",\"name\":\"Casa de Ajutor Reciproc Bucovina\",\"url\":\"http:\/\/carbucovina.ro\/\",\"sameAs\":[],\"logo\":{\"@type\":\"ImageObject\",\"inLanguage\":\"en-US\",\"@id\":\"http:\/\/carbucovina.ro\/#\/schema\/logo\/image\/\",\"url\":\"http:\/\/carbucovina.ro\/wp-content\/uploads\/2015\/11\/logo.jpg\",\"contentUrl\":\"http:\/\/carbucovina.ro\/wp-content\/uploads\/2015\/11\/logo.jpg\",\"width\":350,\"height\":350,\"caption\":\"Casa de Ajutor Reciproc Bucovina\"},\"image\":{\"@id\":\"http:\/\/carbucovina.ro\/#\/schema\/logo\/image\/\"}}]}<\/script>\n<!-- \/ Yoast SEO plugin. -->","yoast_head_json":{"title":"Imprumut pensionar - Casa de Ajutor Reciproc Bucovina","robots":{"index":"index","follow":"follow","max-snippet":"max-snippet:-1","max-image-preview":"max-image-preview:large","max-video-preview":"max-video-preview:-1"},"canonical":"http:\/\/carbucovina.ro\/index.php\/credit-pensionar\/","og_locale":"en_US","og_type":"article","og_title":"Imprumut pensionar - Casa de Ajutor Reciproc Bucovina","og_description":"CAR Pensionar,\u00a0CAR Varstnici, Casa de Ajutor Reciproc Pensionari Iti oferim avantajul de a\u00a0contracta un\u00a0credit pentru pensionari\u00a0cu giranti ce se acorda intr-un interval scurt de timp in functie de numarul dosarelor in lucru. Atunci cand vrei sa-ti achizitionezi ceva rapid, poti&hellip; Read more","og_url":"http:\/\/carbucovina.ro\/index.php\/credit-pensionar\/","og_site_name":"Casa de Ajutor Reciproc Bucovina","article_modified_time":"2018-01-23T14:45:45+00:00","twitter_card":"summary","twitter_misc":{"Est. reading time":"1 minute"},"schema":{"@context":"https:\/\/schema.org","@graph":[{"@type":"WebPage","@id":"http:\/\/carbucovina.ro\/index.php\/credit-pensionar\/","url":"http:\/\/carbucovina.ro\/index.php\/credit-pensionar\/","name":"Imprumut pensionar - Casa de Ajutor Reciproc Bucovina","isPartOf":{"@id":"http:\/\/carbucovina.ro\/#website"},"datePublished":"2015-07-15T11:17:52+00:00","dateModified":"2018-01-23T14:45:45+00:00","breadcrumb":{"@id":"http:\/\/carbucovina.ro\/index.php\/credit-pensionar\/#breadcrumb"},"inLanguage":"en-US","potentialAction":[{"@type":"ReadAction","target":["http:\/\/carbucovina.ro\/index.php\/credit-pensionar\/"]}]},{"@type":"BreadcrumbList","@id":"http:\/\/carbucovina.ro\/index.php\/credit-pensionar\/#breadcrumb","itemListElement":[{"@type":"ListItem","position":1,"name":"Home","item":"http:\/\/carbucovina.ro\/"},{"@type":"ListItem","position":2,"name":"Imprumut pensionar"}]},{"@type":"WebSite","@id":"http:\/\/carbucovina.ro\/#website","url":"http:\/\/carbucovina.ro\/","name":"Casa de Ajutor Reciproc Bucovina","description":"Casa de ajutor reciproc Suceava, Imprumuturi rapide, credite nebancare, credite rapide","publisher":{"@id":"http:\/\/carbucovina.ro\/#organization"},"potentialAction":[{"@type":"SearchAction","target":{"@type":"EntryPoint","urlTemplate":"http:\/\/carbucovina.ro\/?s={search_term_string}"},"query-input":"required name=search_term_string"}],"inLanguage":"en-US"},{"@type":"Organization","@id":"http:\/\/carbucovina.ro\/#organization","name":"Casa de Ajutor Reciproc Bucovina","url":"http:\/\/carbucovina.ro\/","sameAs":[],"logo":{"@type":"ImageObject","inLanguage":"en-US","@id":"http:\/\/carbucovina.ro\/#\/schema\/logo\/image\/","url":"http:\/\/carbucovina.ro\/wp-content\/uploads\/2015\/11\/logo.jpg","contentUrl":"http:\/\/carbucovina.ro\/wp-content\/uploads\/2015\/11\/logo.jpg","width":350,"height":350,"caption":"Casa de Ajutor Reciproc Bucovina"},"image":{"@id":"http:\/\/carbucovina.ro\/#\/schema\/logo\/image\/"}}]}},"_links":{"self":[{"href":"http:\/\/carbucovina.ro\/index.php\/wp-json\/wp\/v2\/pages\/52"}],"collection":[{"href":"http:\/\/carbucovina.ro\/index.php\/wp-json\/wp\/v2\/pages"}],"about":[{"href":"http:\/\/carbucovina.ro\/index.php\/wp-json\/wp\/v2\/types\/page"}],"author":[{"embeddable":true,"href":"http:\/\/carbucovina.ro\/index.php\/wp-json\/wp\/v2\/users\/1"}],"replies":[{"embeddable":true,"href":"http:\/\/carbucovina.ro\/index.php\/wp-json\/wp\/v2\/comments?post=52"}],"version-history":[{"count":11,"href":"http:\/\/carbucovina.ro\/index.php\/wp-json\/wp\/v2\/pages\/52\/revisions"}],"predecessor-version":[{"id":382,"href":"http:\/\/carbucovina.ro\/index.php\/wp-json\/wp\/v2\/pages\/52\/revisions\/382"}],"wp:attachment":[{"href":"http:\/\/carbucovina.ro\/index.php\/wp-json\/wp\/v2\/media?parent=52"}],"curies":[{"name":"wp","href":"https:\/\/api.w.org\/{rel}","templated":true}]}}