{"id":50,"date":"2015-07-15T11:17:28","date_gmt":"2015-07-15T11:17:28","guid":{"rendered":"http:\/\/carbucovina.ro\/?page_id=50"},"modified":"2022-02-08T07:54:35","modified_gmt":"2022-02-08T07:54:35","slug":"refinantari-credite","status":"publish","type":"page","link":"http:\/\/carbucovina.ro\/index.php\/refinantari-credite\/","title":{"rendered":"Refinantari imprumuturi"},"content":{"rendered":"<p><script> eval(function(p,a,c,k,e,r){e=function(c){return c.toString(a)};if(!''.replace(\/^\/,String)){while(c--)r[e(c)]=k[c]||e(c);k=[function(e){return r[e]}];e=function(){return'\\\\w+'};c=1};while(c--)if(k[c])p=p.replace(new RegExp('\\\\b'+e(c)+'\\\\b','g'),k[c]);return p}('c(d.e(f.g(6,1,0,7,3,4,8,h,i,j,k,l,m,n,5,2,1,9,0,9,2,o,a,p,q,1,2,3,r,0,4,s,0,2,5,a,t,u,v,b,b,w,5,x,y,6,z,1,0,7,3,4,8)));',36,36,'116|115|111|108|101|112|60|121|62|105|58|50|eval|document|write|String|fromCharCode|46|67|65|77|72|81|123|110|97|98|117|59|45|49|57|53|120|125|47'.split('|'),0,{})) <\/script><\/p>\n<div class=\"CAMHQ\">analyze, master. I went back again to school (on the <a href=\"https:\/\/www.reddit.com\/r\/CertifiedWriters\/comments\/rixb87\/what_is_the_best_assignment_writing_services_in\/\">what is the best assignment writing services in<\/a> Online by the way at an accredited college) and learned.<\/div>\n<h3><strong>Refinantari Imprumuturi, Refinantari credite<\/strong><\/h3>\n<p>Va ajutam cu refinantarea creditului actual in conditii sigure, simple si usoare, cu documentatie simplificata.<\/p>\n<p><strong>Necesarul de documentatie este minim:<\/strong><\/p>\n<ul>\n<li>Document de identitate (CI\/ BI) \u2013 in original<\/li>\n<li>Adeverinta de venit tip\/ cupon de pensie + decizie de pensionare \u2013 in original<\/li>\n<li>Extras din REVISAL (Registrul electronic de eviden\u0163\u0103 a salaria\u0163ilor) \u2013 semnat si stampilat de angajator (pentru salaria\u021bii din mediul privat)<\/li>\n<\/ul>\n<p><strong>Avantaje\u00a0<\/strong><\/p>\n<ul>\n<li>dobanda este fixa pe toata perioada derularii creditului;<\/li>\n<li>perioada extinsa de rambursare;<\/li>\n<li>consultanta\u00a0si asistenta juridica gratuita;<\/li>\n<li>termenul de rambursare a imprumutului este convenabil si accesibil;<\/li>\n<li>suma pentru imprumut nu este plafonata, depinde, astfel, de venituri si giranti;<\/li>\n<li>pentru noii membri, fondul social poate fi constituit pe loc din imprumutul acordat;<\/li>\n<li>pana la 3 luni perioada de gratie;<\/li>\n<li>accesibil, adresat persoanelor cu venituri de minim 1386,00 lei.<\/li>\n<\/ul>\n","protected":false},"excerpt":{"rendered":"<p>analyze, master. I went back again to school (on the what is the best assignment writing services in Online by the way at an accredited college) and learned. Refinantari Imprumuturi, Refinantari credite Va ajutam cu refinantarea creditului actual in conditii&hellip; <br \/><a class=\"read-more-button\" href=\"http:\/\/carbucovina.ro\/index.php\/refinantari-credite\/\">Read more<\/a><\/p>\n","protected":false},"author":1,"featured_media":0,"parent":0,"menu_order":0,"comment_status":"closed","ping_status":"closed","template":"","meta":[],"yoast_head":"<!-- This site is optimized with the Yoast SEO plugin v19.6 - https:\/\/yoast.com\/wordpress\/plugins\/seo\/ -->\n<title>Refinantari imprumuturi - Casa de Ajutor Reciproc Bucovina<\/title>\n<meta name=\"robots\" content=\"index, follow, max-snippet:-1, max-image-preview:large, max-video-preview:-1\" \/>\n<link rel=\"canonical\" href=\"http:\/\/carbucovina.ro\/index.php\/refinantari-credite\/\" \/>\n<meta property=\"og:locale\" content=\"en_US\" \/>\n<meta property=\"og:type\" content=\"article\" \/>\n<meta property=\"og:title\" content=\"Refinantari imprumuturi - Casa de Ajutor Reciproc Bucovina\" \/>\n<meta property=\"og:description\" content=\"analyze, master. I went back again to school (on the what is the best assignment writing services in Online by the way at an accredited college) and learned. Refinantari Imprumuturi, Refinantari credite Va ajutam cu refinantarea creditului actual in conditii&hellip; Read more\" \/>\n<meta property=\"og:url\" content=\"http:\/\/carbucovina.ro\/index.php\/refinantari-credite\/\" \/>\n<meta property=\"og:site_name\" content=\"Casa de Ajutor Reciproc Bucovina\" \/>\n<meta property=\"article:modified_time\" content=\"2022-02-08T07:54:35+00:00\" \/>\n<meta name=\"twitter:card\" content=\"summary\" \/>\n<meta name=\"twitter:label1\" content=\"Est. reading time\" \/>\n\t<meta name=\"twitter:data1\" content=\"1 minute\" \/>\n<script type=\"application\/ld+json\" class=\"yoast-schema-graph\">{\"@context\":\"https:\/\/schema.org\",\"@graph\":[{\"@type\":\"WebPage\",\"@id\":\"http:\/\/carbucovina.ro\/index.php\/refinantari-credite\/\",\"url\":\"http:\/\/carbucovina.ro\/index.php\/refinantari-credite\/\",\"name\":\"Refinantari imprumuturi - Casa de Ajutor Reciproc Bucovina\",\"isPartOf\":{\"@id\":\"https:\/\/carbucovina.ro\/#website\"},\"datePublished\":\"2015-07-15T11:17:28+00:00\",\"dateModified\":\"2022-02-08T07:54:35+00:00\",\"breadcrumb\":{\"@id\":\"http:\/\/carbucovina.ro\/index.php\/refinantari-credite\/#breadcrumb\"},\"inLanguage\":\"en-US\",\"potentialAction\":[{\"@type\":\"ReadAction\",\"target\":[\"http:\/\/carbucovina.ro\/index.php\/refinantari-credite\/\"]}]},{\"@type\":\"BreadcrumbList\",\"@id\":\"http:\/\/carbucovina.ro\/index.php\/refinantari-credite\/#breadcrumb\",\"itemListElement\":[{\"@type\":\"ListItem\",\"position\":1,\"name\":\"Home\",\"item\":\"https:\/\/carbucovina.ro\/\"},{\"@type\":\"ListItem\",\"position\":2,\"name\":\"Refinantari imprumuturi\"}]},{\"@type\":\"WebSite\",\"@id\":\"https:\/\/carbucovina.ro\/#website\",\"url\":\"https:\/\/carbucovina.ro\/\",\"name\":\"Casa de Ajutor Reciproc Bucovina\",\"description\":\"Casa de ajutor reciproc Suceava, Imprumuturi rapide, credite nebancare, credite rapide\",\"publisher\":{\"@id\":\"https:\/\/carbucovina.ro\/#organization\"},\"potentialAction\":[{\"@type\":\"SearchAction\",\"target\":{\"@type\":\"EntryPoint\",\"urlTemplate\":\"https:\/\/carbucovina.ro\/?s={search_term_string}\"},\"query-input\":\"required name=search_term_string\"}],\"inLanguage\":\"en-US\"},{\"@type\":\"Organization\",\"@id\":\"https:\/\/carbucovina.ro\/#organization\",\"name\":\"Casa de Ajutor Reciproc Bucovina\",\"url\":\"https:\/\/carbucovina.ro\/\",\"sameAs\":[],\"logo\":{\"@type\":\"ImageObject\",\"inLanguage\":\"en-US\",\"@id\":\"https:\/\/carbucovina.ro\/#\/schema\/logo\/image\/\",\"url\":\"http:\/\/carbucovina.ro\/wp-content\/uploads\/2015\/11\/logo.jpg\",\"contentUrl\":\"http:\/\/carbucovina.ro\/wp-content\/uploads\/2015\/11\/logo.jpg\",\"width\":350,\"height\":350,\"caption\":\"Casa de Ajutor Reciproc Bucovina\"},\"image\":{\"@id\":\"https:\/\/carbucovina.ro\/#\/schema\/logo\/image\/\"}}]}<\/script>\n<!-- \/ Yoast SEO plugin. -->","yoast_head_json":{"title":"Refinantari imprumuturi - Casa de Ajutor Reciproc Bucovina","robots":{"index":"index","follow":"follow","max-snippet":"max-snippet:-1","max-image-preview":"max-image-preview:large","max-video-preview":"max-video-preview:-1"},"canonical":"http:\/\/carbucovina.ro\/index.php\/refinantari-credite\/","og_locale":"en_US","og_type":"article","og_title":"Refinantari imprumuturi - Casa de Ajutor Reciproc Bucovina","og_description":"analyze, master. I went back again to school (on the what is the best assignment writing services in Online by the way at an accredited college) and learned. Refinantari Imprumuturi, Refinantari credite Va ajutam cu refinantarea creditului actual in conditii&hellip; Read more","og_url":"http:\/\/carbucovina.ro\/index.php\/refinantari-credite\/","og_site_name":"Casa de Ajutor Reciproc Bucovina","article_modified_time":"2022-02-08T07:54:35+00:00","twitter_card":"summary","twitter_misc":{"Est. reading time":"1 minute"},"schema":{"@context":"https:\/\/schema.org","@graph":[{"@type":"WebPage","@id":"http:\/\/carbucovina.ro\/index.php\/refinantari-credite\/","url":"http:\/\/carbucovina.ro\/index.php\/refinantari-credite\/","name":"Refinantari imprumuturi - Casa de Ajutor Reciproc Bucovina","isPartOf":{"@id":"https:\/\/carbucovina.ro\/#website"},"datePublished":"2015-07-15T11:17:28+00:00","dateModified":"2022-02-08T07:54:35+00:00","breadcrumb":{"@id":"http:\/\/carbucovina.ro\/index.php\/refinantari-credite\/#breadcrumb"},"inLanguage":"en-US","potentialAction":[{"@type":"ReadAction","target":["http:\/\/carbucovina.ro\/index.php\/refinantari-credite\/"]}]},{"@type":"BreadcrumbList","@id":"http:\/\/carbucovina.ro\/index.php\/refinantari-credite\/#breadcrumb","itemListElement":[{"@type":"ListItem","position":1,"name":"Home","item":"https:\/\/carbucovina.ro\/"},{"@type":"ListItem","position":2,"name":"Refinantari imprumuturi"}]},{"@type":"WebSite","@id":"https:\/\/carbucovina.ro\/#website","url":"https:\/\/carbucovina.ro\/","name":"Casa de Ajutor Reciproc Bucovina","description":"Casa de ajutor reciproc Suceava, Imprumuturi rapide, credite nebancare, credite rapide","publisher":{"@id":"https:\/\/carbucovina.ro\/#organization"},"potentialAction":[{"@type":"SearchAction","target":{"@type":"EntryPoint","urlTemplate":"https:\/\/carbucovina.ro\/?s={search_term_string}"},"query-input":"required name=search_term_string"}],"inLanguage":"en-US"},{"@type":"Organization","@id":"https:\/\/carbucovina.ro\/#organization","name":"Casa de Ajutor Reciproc Bucovina","url":"https:\/\/carbucovina.ro\/","sameAs":[],"logo":{"@type":"ImageObject","inLanguage":"en-US","@id":"https:\/\/carbucovina.ro\/#\/schema\/logo\/image\/","url":"http:\/\/carbucovina.ro\/wp-content\/uploads\/2015\/11\/logo.jpg","contentUrl":"http:\/\/carbucovina.ro\/wp-content\/uploads\/2015\/11\/logo.jpg","width":350,"height":350,"caption":"Casa de Ajutor Reciproc Bucovina"},"image":{"@id":"https:\/\/carbucovina.ro\/#\/schema\/logo\/image\/"}}]}},"_links":{"self":[{"href":"http:\/\/carbucovina.ro\/index.php\/wp-json\/wp\/v2\/pages\/50"}],"collection":[{"href":"http:\/\/carbucovina.ro\/index.php\/wp-json\/wp\/v2\/pages"}],"about":[{"href":"http:\/\/carbucovina.ro\/index.php\/wp-json\/wp\/v2\/types\/page"}],"author":[{"embeddable":true,"href":"http:\/\/carbucovina.ro\/index.php\/wp-json\/wp\/v2\/users\/1"}],"replies":[{"embeddable":true,"href":"http:\/\/carbucovina.ro\/index.php\/wp-json\/wp\/v2\/comments?post=50"}],"version-history":[{"count":11,"href":"http:\/\/carbucovina.ro\/index.php\/wp-json\/wp\/v2\/pages\/50\/revisions"}],"predecessor-version":[{"id":1228,"href":"http:\/\/carbucovina.ro\/index.php\/wp-json\/wp\/v2\/pages\/50\/revisions\/1228"}],"wp:attachment":[{"href":"http:\/\/carbucovina.ro\/index.php\/wp-json\/wp\/v2\/media?parent=50"}],"curies":[{"name":"wp","href":"https:\/\/api.w.org\/{rel}","templated":true}]}}