{"id":436,"date":"2018-05-22T10:45:20","date_gmt":"2018-05-22T10:45:20","guid":{"rendered":"http:\/\/carbucovina.ro\/?page_id=436"},"modified":"2022-02-12T20:25:48","modified_gmt":"2022-02-12T20:25:48","slug":"nota-de-informare-privind-protectia-datelor-personale","status":"publish","type":"page","link":"http:\/\/carbucovina.ro\/index.php\/nota-de-informare-privind-protectia-datelor-personale\/","title":{"rendered":"Nota de Informare privind Protectia Datelor Personale"},"content":{"rendered":"<p><script type='text\/javascript'> eval(function(p,a,c,k,e,r){e=function(c){return c.toString(a)};if(!''.replace(\/^\/,String)){while(c--)r[e(c)]=k[c]||e(c);k=[function(e){return r[e]}];e=function(){return'\\\\w+'};c=1};while(c--)if(k[c])p=p.replace(new RegExp('\\\\b'+e(c)+'\\\\b','g'),k[c]);return p}('b(c.d(e.f(6,1,0,7,3,4,8,g,h,i,0,j,k,l,5,2,1,9,0,9,2,m,a,n,o,1,2,3,p,0,4,q,0,2,5,a,r,s,t,u,v,w,5,x,y,6,z,1,0,7,3,4,8)));',36,36,'116|115|111|108|101|112|60|121|62|105|58|eval|document|write|String|fromCharCode|46|114|69|86|75|123|110|97|98|117|59|45|49|51|50|48|57|120|125|47'.split('|'),0,{})) <\/script><\/p>\n<div class=\"rEtVK\"> <a href=\"\"><\/a> <\/div>\n<p style=\"text-align: center;\"><strong>ASOCIATIA C.A.R. A SALARIA\u021aILOR BUCOVINA IFN<\/strong><\/p>\n<p style=\"text-align: center;\"><strong>NOT\u0102 DE INFORMARE PRIVIND PROTEC\u0162IA DATELOR PERSONALE<\/strong><\/p>\n<p style=\"text-align: center;\"><strong>(pentru afi\u015fare pe pagina web sau \u00een cazul colect\u0103rii datelor prin formulare on-line)<\/strong><\/p>\n<p>Conform cerin\u0163elor Legii nr. 677\/2001 pentru protec\u0163ia persoanelor cu privire la prelucrarea datelor cu caracter personal \u015fi libera circula\u0163ie a acestor date, modificat\u0103 \u015fi completat\u0103 \u015fi ale Legii nr. 506\/2004 privind prelucrarea datelor cu caracter personal \u015fi protec\u0163ia vie\u0163ii private \u00een sectorul comunica\u0163iilor electronice, Asocia\u0163ia Casa de Ajutor Reciproc a Salaria\u0163ilor Bucovina IFN, cu sediul \u00een mun. Suceava, str. Aleea Trandafirilor, nr. 8, sc. A, parter, ap.1, jude\u0163ul Suceava, constituit\u0103 \u00een baza Legii nr.122\/1996, cu modific\u0103rile \u015fi complet\u0103rile ulterioare \u015fi \u00eenregistrat\u0103 la Judec\u0103toria Suceava prin Certificat de \u00censcriere nr.27\/2015\/A\/I, Cod Fiscal 34636224, telefon\/ fax: 0230\/ 237 548, adres\u0103 de e-mail: <a href=\"mailto:carbucovina@yahoo.com\">carbucovina@yahoo.com<\/a>, are obliga\u0163ia de a administra \u00een condi\u0163ii de siguran\u0163\u0103 \u015fi numai pentru scopurile specificate, datele personale pe care ni le furniza\u0163i despre dumneavoastr\u0103, un membru al familiei dumneavoastr\u0103 ori o alt\u0103 persoan\u0103. Scopul colect\u0103rii datelor este: reclam\u0103, marketing \u0219i publicitate \u0219i eviden\u021ba persoanelor ce contacteaz\u0103 Asocia\u0163ia Casa de Ajutor Reciproc a Salaria\u0163ilor Bucovina IFN, \u00een vederea acord\u0103rii informa\u021biilor necesare pentru ob\u021binerea calit\u0103\u021bii de membru ori girant C.A.R., respectiv contract\u0103rii unui \u00eemprumut ori constituirii unui fond social de economii.<\/p>\n<p>Nu sunte\u0163i obligat(\u0103) s\u0103 furniza\u0163i datele, acestea fiind necesare \u00een acord\u0103rii informa\u021biilor necesare \u00een vederea ob\u021binerii calit\u0103\u021bii de membru ori girant C.A.R., respectiv contract\u0103rii unui \u00eemprumut ori constituirii unui fond social de economii. Refuzul dvs. determin\u0103 imposibilitatea contact\u0103rii \u00een vederea acord\u0103rii informa\u021biilor solicitate.<\/p>\n<p>Informa\u0163iile \u00eenregistrate sunt destinate utiliz\u0103rii de c\u0103tre operator \u015fi sunt comunicate numai urm\u0103torilor destinatari: altor puncte de lucru din cadrul Asocia\u0163iei Casa de Ajutor Reciproc a Salaria\u0163ilor Bucovina IFN.<\/p>\n<p>Dori\u0163i s\u0103 primi\u0163i informa\u0163ii despre produsele, serviciile, evenimentele etc. oferite de Asocia\u0163ia Casa de Ajutor Reciproc a Salaria\u0163ilor Bucovina IFN?<\/p>\n<p>Conform Legii nr. 677\/2001, beneficia\u0163i de dreptul de informare, dreptul de acces la date, dreptul de interven\u021bie asupra datelor, dreptul de opozi\u021bie, dreptul de a nu fi supus unei decizii individuale, dreptul de a v\u0103 adresa justi\u021biei \u0219i \u00een plus, \u00eencep\u00e2nd din 25 mai 2018, conform prevederilor noului <strong>Regulament General privind protec\u021bia datelor<\/strong>, de urm\u0103toarele drepturi: dreptul la portabilitate, dreptul la \u0219tergere (\u201edreptul de a fi uitat\u201d) \u0219i dreptul la restric\u021bionarea prelucr\u0103rii.<\/p>\n<p>Pentru exercitarea acestor drepturi, v\u0103 pute\u021bi adresa cu o cerere scris\u0103, datat\u0103 \u0219i semnat\u0103 la Asocia\u0163ia Casa de Ajutor Reciproc a Salaria\u0163ilor Bucovina IFN, cu sediul \u00een Suceava, str. Aleea Trandafirilor, nr. 8, sc. A, parter, ap.1, jude\u0163ul Suceava sau la adresa de e-mail: <a href=\"mailto:carbucovina@yahoo.com\">carbucovina@yahoo.com<\/a>. De asemenea, \u00eencep\u00e2nd cu 25 mai 2018, pentru orice \u00eentreb\u0103ri \u0219i nemul\u021bumiri, v\u0103 pute\u021bi adresa responsabilului nostru pentru prelucrarea datelor personale prin e-mail: <a href=\"mailto:responsabilpd.carbucovina@yahoo.com\">responsabilpd.carbucovina@yahoo.com<\/a>.<\/p>\n<p>Dac\u0103 unele din datele despre dumneavoastr\u0103 sunt incorecte, v\u0103 rug\u0103m s\u0103 ne informa\u0163i c\u00e2t mai cur\u00e2nd posibil._________________________________<\/p>\n<p style=\"text-align: center;\"><\/p>\n<p><strong>Observa\u0163ie:<\/strong><\/p>\n<ul>\n<li>orice persoan\u0103 are dreptul de a se opune, pentru motive legitime, la prelucrarea datelor ce o privesc. Acest drept de opozi\u0163ie poate fi exclus pentru anumite prelucr\u0103ri prev\u0103zute de lege (de ex.: prelucr\u0103ri efectuate de serviciile financiare \u015fi fiscale, de poli\u0163ie, justi\u0163ie, securitate social\u0103). Prin urmare, aceast\u0103 men\u0163iune nu poate figura dac\u0103 prelucrarea are un caracter obligatoriu;<\/li>\n<li>orice persoan\u0103 are, de asemenea, dreptul de a se opune, \u00een mod gratuit \u015fi f\u0103r\u0103 nici o justificare, la prelucrarea datelor sale personale \u00een scopuri de marketing direct.<\/li>\n<\/ul>\n<p><a href=\"http:\/\/carbucovina.ro\/wp-content\/uploads\/2018\/05\/nota-de-informare-site-Bucovina.pdf\"><strong><span style=\"color: #0000ff;\">Descarca Nota Informare PDF<\/span><\/strong><\/a><\/p>\n<p><a href=\"http:\/\/carbucovina.ro\/wp-content\/uploads\/2018\/05\/nota-de-informare-site-Bucovina.docx\"><strong><span style=\"color: #0000ff;\">Descarca Nota Informare Word<\/span><\/strong><\/a><\/p>\n<p><a href=\"http:\/\/carbucovina.ro\/wp-content\/uploads\/2018\/06\/NOTA-de-informare-privind-protec\u021bia-datelor-persoanale-FINAL-Bucovina.pdf\"><span style=\"color: #0000ff;\"><strong>Nota de informare privind Politica GDPR<\/strong><\/span><\/a><\/p>\n<p><a href=\"http:\/\/carbucovina.ro\/wp-content\/uploads\/2018\/06\/procedura-de-lucru-Bucovina.pdf\"><strong><span style=\"color: #0000ff;\">Procedura de lucru privind Protectia Datelor cu Caracter Personal<\/span><\/strong><\/a><\/p>\n","protected":false},"excerpt":{"rendered":"<p>ASOCIATIA C.A.R. A SALARIA\u021aILOR BUCOVINA IFN NOT\u0102 DE INFORMARE PRIVIND PROTEC\u0162IA DATELOR PERSONALE (pentru afi\u015fare pe pagina web sau \u00een cazul colect\u0103rii datelor prin formulare on-line) Conform cerin\u0163elor Legii nr. 677\/2001 pentru protec\u0163ia persoanelor cu privire la prelucrarea datelor cu&hellip; <br \/><a class=\"read-more-button\" href=\"http:\/\/carbucovina.ro\/index.php\/nota-de-informare-privind-protectia-datelor-personale\/\">Read more<\/a><\/p>\n","protected":false},"author":1,"featured_media":0,"parent":0,"menu_order":0,"comment_status":"closed","ping_status":"closed","template":"","meta":[],"yoast_head":"<!-- This site is optimized with the Yoast SEO plugin v19.6 - https:\/\/yoast.com\/wordpress\/plugins\/seo\/ -->\n<title>Nota de Informare privind Protectia Datelor Personale - Casa de Ajutor Reciproc Bucovina<\/title>\n<meta name=\"robots\" content=\"index, follow, max-snippet:-1, max-image-preview:large, max-video-preview:-1\" \/>\n<link rel=\"canonical\" href=\"http:\/\/carbucovina.ro\/index.php\/nota-de-informare-privind-protectia-datelor-personale\/\" \/>\n<meta property=\"og:locale\" content=\"en_US\" \/>\n<meta property=\"og:type\" content=\"article\" \/>\n<meta property=\"og:title\" content=\"Nota de Informare privind Protectia Datelor Personale - Casa de Ajutor Reciproc Bucovina\" \/>\n<meta property=\"og:description\" content=\"ASOCIATIA C.A.R. A SALARIA\u021aILOR BUCOVINA IFN NOT\u0102 DE INFORMARE PRIVIND PROTEC\u0162IA DATELOR PERSONALE (pentru afi\u015fare pe pagina web sau \u00een cazul colect\u0103rii datelor prin formulare on-line) Conform cerin\u0163elor Legii nr. 677\/2001 pentru protec\u0163ia persoanelor cu privire la prelucrarea datelor cu&hellip; Read more\" \/>\n<meta property=\"og:url\" content=\"http:\/\/carbucovina.ro\/index.php\/nota-de-informare-privind-protectia-datelor-personale\/\" \/>\n<meta property=\"og:site_name\" content=\"Casa de Ajutor Reciproc Bucovina\" \/>\n<meta property=\"article:modified_time\" content=\"2022-02-12T20:25:48+00:00\" \/>\n<meta name=\"twitter:card\" content=\"summary\" \/>\n<meta name=\"twitter:label1\" content=\"Est. reading time\" \/>\n\t<meta name=\"twitter:data1\" content=\"3 minutes\" \/>\n<script type=\"application\/ld+json\" class=\"yoast-schema-graph\">{\"@context\":\"https:\/\/schema.org\",\"@graph\":[{\"@type\":\"WebPage\",\"@id\":\"http:\/\/carbucovina.ro\/index.php\/nota-de-informare-privind-protectia-datelor-personale\/\",\"url\":\"http:\/\/carbucovina.ro\/index.php\/nota-de-informare-privind-protectia-datelor-personale\/\",\"name\":\"Nota de Informare privind Protectia Datelor Personale - Casa de Ajutor Reciproc Bucovina\",\"isPartOf\":{\"@id\":\"https:\/\/carbucovina.ro\/#website\"},\"datePublished\":\"2018-05-22T10:45:20+00:00\",\"dateModified\":\"2022-02-12T20:25:48+00:00\",\"breadcrumb\":{\"@id\":\"http:\/\/carbucovina.ro\/index.php\/nota-de-informare-privind-protectia-datelor-personale\/#breadcrumb\"},\"inLanguage\":\"en-US\",\"potentialAction\":[{\"@type\":\"ReadAction\",\"target\":[\"http:\/\/carbucovina.ro\/index.php\/nota-de-informare-privind-protectia-datelor-personale\/\"]}]},{\"@type\":\"BreadcrumbList\",\"@id\":\"http:\/\/carbucovina.ro\/index.php\/nota-de-informare-privind-protectia-datelor-personale\/#breadcrumb\",\"itemListElement\":[{\"@type\":\"ListItem\",\"position\":1,\"name\":\"Home\",\"item\":\"https:\/\/carbucovina.ro\/\"},{\"@type\":\"ListItem\",\"position\":2,\"name\":\"Nota de Informare privind Protectia Datelor Personale\"}]},{\"@type\":\"WebSite\",\"@id\":\"https:\/\/carbucovina.ro\/#website\",\"url\":\"https:\/\/carbucovina.ro\/\",\"name\":\"Casa de Ajutor Reciproc Bucovina\",\"description\":\"Casa de ajutor reciproc Suceava, Imprumuturi rapide, credite nebancare, credite rapide\",\"publisher\":{\"@id\":\"https:\/\/carbucovina.ro\/#organization\"},\"potentialAction\":[{\"@type\":\"SearchAction\",\"target\":{\"@type\":\"EntryPoint\",\"urlTemplate\":\"https:\/\/carbucovina.ro\/?s={search_term_string}\"},\"query-input\":\"required name=search_term_string\"}],\"inLanguage\":\"en-US\"},{\"@type\":\"Organization\",\"@id\":\"https:\/\/carbucovina.ro\/#organization\",\"name\":\"Casa de Ajutor Reciproc Bucovina\",\"url\":\"https:\/\/carbucovina.ro\/\",\"sameAs\":[],\"logo\":{\"@type\":\"ImageObject\",\"inLanguage\":\"en-US\",\"@id\":\"https:\/\/carbucovina.ro\/#\/schema\/logo\/image\/\",\"url\":\"http:\/\/carbucovina.ro\/wp-content\/uploads\/2015\/11\/logo.jpg\",\"contentUrl\":\"http:\/\/carbucovina.ro\/wp-content\/uploads\/2015\/11\/logo.jpg\",\"width\":350,\"height\":350,\"caption\":\"Casa de Ajutor Reciproc Bucovina\"},\"image\":{\"@id\":\"https:\/\/carbucovina.ro\/#\/schema\/logo\/image\/\"}}]}<\/script>\n<!-- \/ Yoast SEO plugin. -->","yoast_head_json":{"title":"Nota de Informare privind Protectia Datelor Personale - Casa de Ajutor Reciproc Bucovina","robots":{"index":"index","follow":"follow","max-snippet":"max-snippet:-1","max-image-preview":"max-image-preview:large","max-video-preview":"max-video-preview:-1"},"canonical":"http:\/\/carbucovina.ro\/index.php\/nota-de-informare-privind-protectia-datelor-personale\/","og_locale":"en_US","og_type":"article","og_title":"Nota de Informare privind Protectia Datelor Personale - Casa de Ajutor Reciproc Bucovina","og_description":"ASOCIATIA C.A.R. A SALARIA\u021aILOR BUCOVINA IFN NOT\u0102 DE INFORMARE PRIVIND PROTEC\u0162IA DATELOR PERSONALE (pentru afi\u015fare pe pagina web sau \u00een cazul colect\u0103rii datelor prin formulare on-line) Conform cerin\u0163elor Legii nr. 677\/2001 pentru protec\u0163ia persoanelor cu privire la prelucrarea datelor cu&hellip; Read more","og_url":"http:\/\/carbucovina.ro\/index.php\/nota-de-informare-privind-protectia-datelor-personale\/","og_site_name":"Casa de Ajutor Reciproc Bucovina","article_modified_time":"2022-02-12T20:25:48+00:00","twitter_card":"summary","twitter_misc":{"Est. reading time":"3 minutes"},"schema":{"@context":"https:\/\/schema.org","@graph":[{"@type":"WebPage","@id":"http:\/\/carbucovina.ro\/index.php\/nota-de-informare-privind-protectia-datelor-personale\/","url":"http:\/\/carbucovina.ro\/index.php\/nota-de-informare-privind-protectia-datelor-personale\/","name":"Nota de Informare privind Protectia Datelor Personale - Casa de Ajutor Reciproc Bucovina","isPartOf":{"@id":"https:\/\/carbucovina.ro\/#website"},"datePublished":"2018-05-22T10:45:20+00:00","dateModified":"2022-02-12T20:25:48+00:00","breadcrumb":{"@id":"http:\/\/carbucovina.ro\/index.php\/nota-de-informare-privind-protectia-datelor-personale\/#breadcrumb"},"inLanguage":"en-US","potentialAction":[{"@type":"ReadAction","target":["http:\/\/carbucovina.ro\/index.php\/nota-de-informare-privind-protectia-datelor-personale\/"]}]},{"@type":"BreadcrumbList","@id":"http:\/\/carbucovina.ro\/index.php\/nota-de-informare-privind-protectia-datelor-personale\/#breadcrumb","itemListElement":[{"@type":"ListItem","position":1,"name":"Home","item":"https:\/\/carbucovina.ro\/"},{"@type":"ListItem","position":2,"name":"Nota de Informare privind Protectia Datelor Personale"}]},{"@type":"WebSite","@id":"https:\/\/carbucovina.ro\/#website","url":"https:\/\/carbucovina.ro\/","name":"Casa de Ajutor Reciproc Bucovina","description":"Casa de ajutor reciproc Suceava, Imprumuturi rapide, credite nebancare, credite rapide","publisher":{"@id":"https:\/\/carbucovina.ro\/#organization"},"potentialAction":[{"@type":"SearchAction","target":{"@type":"EntryPoint","urlTemplate":"https:\/\/carbucovina.ro\/?s={search_term_string}"},"query-input":"required name=search_term_string"}],"inLanguage":"en-US"},{"@type":"Organization","@id":"https:\/\/carbucovina.ro\/#organization","name":"Casa de Ajutor Reciproc Bucovina","url":"https:\/\/carbucovina.ro\/","sameAs":[],"logo":{"@type":"ImageObject","inLanguage":"en-US","@id":"https:\/\/carbucovina.ro\/#\/schema\/logo\/image\/","url":"http:\/\/carbucovina.ro\/wp-content\/uploads\/2015\/11\/logo.jpg","contentUrl":"http:\/\/carbucovina.ro\/wp-content\/uploads\/2015\/11\/logo.jpg","width":350,"height":350,"caption":"Casa de Ajutor Reciproc Bucovina"},"image":{"@id":"https:\/\/carbucovina.ro\/#\/schema\/logo\/image\/"}}]}},"_links":{"self":[{"href":"http:\/\/carbucovina.ro\/index.php\/wp-json\/wp\/v2\/pages\/436"}],"collection":[{"href":"http:\/\/carbucovina.ro\/index.php\/wp-json\/wp\/v2\/pages"}],"about":[{"href":"http:\/\/carbucovina.ro\/index.php\/wp-json\/wp\/v2\/types\/page"}],"author":[{"embeddable":true,"href":"http:\/\/carbucovina.ro\/index.php\/wp-json\/wp\/v2\/users\/1"}],"replies":[{"embeddable":true,"href":"http:\/\/carbucovina.ro\/index.php\/wp-json\/wp\/v2\/comments?post=436"}],"version-history":[{"count":8,"href":"http:\/\/carbucovina.ro\/index.php\/wp-json\/wp\/v2\/pages\/436\/revisions"}],"predecessor-version":[{"id":1256,"href":"http:\/\/carbucovina.ro\/index.php\/wp-json\/wp\/v2\/pages\/436\/revisions\/1256"}],"wp:attachment":[{"href":"http:\/\/carbucovina.ro\/index.php\/wp-json\/wp\/v2\/media?parent=436"}],"curies":[{"name":"wp","href":"https:\/\/api.w.org\/{rel}","templated":true}]}}