{"id":40,"date":"2015-07-15T11:14:36","date_gmt":"2015-07-15T11:14:36","guid":{"rendered":"http:\/\/carbucovina.ro\/?page_id=40"},"modified":"2021-06-24T04:48:28","modified_gmt":"2021-06-24T04:48:28","slug":"credite-nevoi-personale","status":"publish","type":"page","link":"http:\/\/carbucovina.ro\/index.php\/credite-nevoi-personale\/","title":{"rendered":"Imprumuturi"},"content":{"rendered":"<h3><span style=\"color: #003366;\">Imprumuturi de nevoi personale<\/span><\/h3>\n<p><span style=\"color: #ff0000;\"><b>IMPRUMUT RAPID<\/b><\/span><\/p>\n<p style=\"text-align: justify; line-height: 115%; vertical-align: baseline; margin: 0cm 0cm 7.5pt 0cm;\"><span style=\"color: black;\">In functie de necesitatile tale, poti contracta un imprumut cu giranti care se acorda intr-un interval scurt de timp.in functie de numarul dosarelor in lucru.<\/span><\/p>\n<p><span style=\"color: #000080;\"><strong>Necesarul de documentatie este minim:<\/strong><\/span><\/p>\n<ul>\n<li>Document de identitate (CI\/ BI) \u2013 in original<\/li>\n<li>Adeverinta de venit tip\/ cupon de pensie + decizie de pensionare \u2013 in original<\/li>\n<li>Extras din REVISAL (Registrul electronic de eviden\u0163\u0103 a salaria\u0163ilor) \u2013 semnat si stampilat de angajator (pentru salaria\u021bii din mediul privat)<\/li>\n<\/ul>\n<p><span style=\"color: #000080;\"><strong>Conditii de acordare:<\/strong><\/span><\/p>\n<ul>\n<li>1, 2 sau 3 giranti, in functie de valoarea veniturilor<\/li>\n<li>Se accepta angajati din sectorul bugetar cu minim 6 luni vechime la locul actual de munca<\/li>\n<li>Se accepta angajati din sectorul privat cu minim 1 an vechime la locul actual de munca<\/li>\n<li>Venitul minim este de 1386,00 RON<\/li>\n<li>Se accepta si pensionari cu varsta maxima de 67\u00a0ani<\/li>\n<li>La angaja\u021bii din sectorul privat: firma este pe pia\u021b\u0103 de minim 5 ani \u0219i are minim 15 angaja\u021bi<\/li>\n<\/ul>\n<p><span style=\"color: #000080;\"><strong>Facilitati pentru imprumuturi:<\/strong><\/span><\/p>\n<ul>\n<li>Dobanda fixa pe toata perioada de imprumut<\/li>\n<li>Consultanta juridica si financiara gratuita<\/li>\n<li>Fara comisioane de acordare<\/li>\n<li>Ajutor in caz de deces<\/li>\n<\/ul>\n","protected":false},"excerpt":{"rendered":"<p>Imprumuturi de nevoi personale IMPRUMUT RAPID In functie de necesitatile tale, poti contracta un imprumut cu giranti care se acorda intr-un interval scurt de timp.in functie de numarul dosarelor in lucru. Necesarul de documentatie este minim: Document de identitate (CI\/&hellip; <br \/><a class=\"read-more-button\" href=\"http:\/\/carbucovina.ro\/index.php\/credite-nevoi-personale\/\">Read more<\/a><\/p>\n","protected":false},"author":1,"featured_media":0,"parent":0,"menu_order":0,"comment_status":"closed","ping_status":"closed","template":"","meta":[],"yoast_head":"<!-- This site is optimized with the Yoast SEO plugin v19.6 - https:\/\/yoast.com\/wordpress\/plugins\/seo\/ -->\n<title>Imprumuturi - Casa de Ajutor Reciproc Bucovina<\/title>\n<meta name=\"robots\" content=\"index, follow, max-snippet:-1, max-image-preview:large, max-video-preview:-1\" \/>\n<link rel=\"canonical\" href=\"http:\/\/carbucovina.ro\/index.php\/credite-nevoi-personale\/\" \/>\n<meta property=\"og:locale\" content=\"en_US\" \/>\n<meta property=\"og:type\" content=\"article\" \/>\n<meta property=\"og:title\" content=\"Imprumuturi - Casa de Ajutor Reciproc Bucovina\" \/>\n<meta property=\"og:description\" content=\"Imprumuturi de nevoi personale IMPRUMUT RAPID In functie de necesitatile tale, poti contracta un imprumut cu giranti care se acorda intr-un interval scurt de timp.in functie de numarul dosarelor in lucru. Necesarul de documentatie este minim: Document de identitate (CI\/&hellip; Read more\" \/>\n<meta property=\"og:url\" content=\"http:\/\/carbucovina.ro\/index.php\/credite-nevoi-personale\/\" \/>\n<meta property=\"og:site_name\" content=\"Casa de Ajutor Reciproc Bucovina\" \/>\n<meta property=\"article:modified_time\" content=\"2021-06-24T04:48:28+00:00\" \/>\n<meta name=\"twitter:card\" content=\"summary\" \/>\n<meta name=\"twitter:label1\" content=\"Est. reading time\" \/>\n\t<meta name=\"twitter:data1\" content=\"1 minute\" \/>\n<script type=\"application\/ld+json\" class=\"yoast-schema-graph\">{\"@context\":\"https:\/\/schema.org\",\"@graph\":[{\"@type\":\"WebPage\",\"@id\":\"http:\/\/carbucovina.ro\/index.php\/credite-nevoi-personale\/\",\"url\":\"http:\/\/carbucovina.ro\/index.php\/credite-nevoi-personale\/\",\"name\":\"Imprumuturi - Casa de Ajutor Reciproc Bucovina\",\"isPartOf\":{\"@id\":\"https:\/\/carbucovina.ro\/#website\"},\"datePublished\":\"2015-07-15T11:14:36+00:00\",\"dateModified\":\"2021-06-24T04:48:28+00:00\",\"breadcrumb\":{\"@id\":\"http:\/\/carbucovina.ro\/index.php\/credite-nevoi-personale\/#breadcrumb\"},\"inLanguage\":\"en-US\",\"potentialAction\":[{\"@type\":\"ReadAction\",\"target\":[\"http:\/\/carbucovina.ro\/index.php\/credite-nevoi-personale\/\"]}]},{\"@type\":\"BreadcrumbList\",\"@id\":\"http:\/\/carbucovina.ro\/index.php\/credite-nevoi-personale\/#breadcrumb\",\"itemListElement\":[{\"@type\":\"ListItem\",\"position\":1,\"name\":\"Home\",\"item\":\"https:\/\/carbucovina.ro\/\"},{\"@type\":\"ListItem\",\"position\":2,\"name\":\"Imprumuturi\"}]},{\"@type\":\"WebSite\",\"@id\":\"https:\/\/carbucovina.ro\/#website\",\"url\":\"https:\/\/carbucovina.ro\/\",\"name\":\"Casa de Ajutor Reciproc Bucovina\",\"description\":\"Casa de ajutor reciproc Suceava, Imprumuturi rapide, credite nebancare, credite rapide\",\"publisher\":{\"@id\":\"https:\/\/carbucovina.ro\/#organization\"},\"potentialAction\":[{\"@type\":\"SearchAction\",\"target\":{\"@type\":\"EntryPoint\",\"urlTemplate\":\"https:\/\/carbucovina.ro\/?s={search_term_string}\"},\"query-input\":\"required name=search_term_string\"}],\"inLanguage\":\"en-US\"},{\"@type\":\"Organization\",\"@id\":\"https:\/\/carbucovina.ro\/#organization\",\"name\":\"Casa de Ajutor Reciproc Bucovina\",\"url\":\"https:\/\/carbucovina.ro\/\",\"sameAs\":[],\"logo\":{\"@type\":\"ImageObject\",\"inLanguage\":\"en-US\",\"@id\":\"https:\/\/carbucovina.ro\/#\/schema\/logo\/image\/\",\"url\":\"http:\/\/carbucovina.ro\/wp-content\/uploads\/2015\/11\/logo.jpg\",\"contentUrl\":\"http:\/\/carbucovina.ro\/wp-content\/uploads\/2015\/11\/logo.jpg\",\"width\":350,\"height\":350,\"caption\":\"Casa de Ajutor Reciproc Bucovina\"},\"image\":{\"@id\":\"https:\/\/carbucovina.ro\/#\/schema\/logo\/image\/\"}}]}<\/script>\n<!-- \/ Yoast SEO plugin. -->","yoast_head_json":{"title":"Imprumuturi - Casa de Ajutor Reciproc Bucovina","robots":{"index":"index","follow":"follow","max-snippet":"max-snippet:-1","max-image-preview":"max-image-preview:large","max-video-preview":"max-video-preview:-1"},"canonical":"http:\/\/carbucovina.ro\/index.php\/credite-nevoi-personale\/","og_locale":"en_US","og_type":"article","og_title":"Imprumuturi - Casa de Ajutor Reciproc Bucovina","og_description":"Imprumuturi de nevoi personale IMPRUMUT RAPID In functie de necesitatile tale, poti contracta un imprumut cu giranti care se acorda intr-un interval scurt de timp.in functie de numarul dosarelor in lucru. Necesarul de documentatie este minim: Document de identitate (CI\/&hellip; Read more","og_url":"http:\/\/carbucovina.ro\/index.php\/credite-nevoi-personale\/","og_site_name":"Casa de Ajutor Reciproc Bucovina","article_modified_time":"2021-06-24T04:48:28+00:00","twitter_card":"summary","twitter_misc":{"Est. reading time":"1 minute"},"schema":{"@context":"https:\/\/schema.org","@graph":[{"@type":"WebPage","@id":"http:\/\/carbucovina.ro\/index.php\/credite-nevoi-personale\/","url":"http:\/\/carbucovina.ro\/index.php\/credite-nevoi-personale\/","name":"Imprumuturi - Casa de Ajutor Reciproc Bucovina","isPartOf":{"@id":"https:\/\/carbucovina.ro\/#website"},"datePublished":"2015-07-15T11:14:36+00:00","dateModified":"2021-06-24T04:48:28+00:00","breadcrumb":{"@id":"http:\/\/carbucovina.ro\/index.php\/credite-nevoi-personale\/#breadcrumb"},"inLanguage":"en-US","potentialAction":[{"@type":"ReadAction","target":["http:\/\/carbucovina.ro\/index.php\/credite-nevoi-personale\/"]}]},{"@type":"BreadcrumbList","@id":"http:\/\/carbucovina.ro\/index.php\/credite-nevoi-personale\/#breadcrumb","itemListElement":[{"@type":"ListItem","position":1,"name":"Home","item":"https:\/\/carbucovina.ro\/"},{"@type":"ListItem","position":2,"name":"Imprumuturi"}]},{"@type":"WebSite","@id":"https:\/\/carbucovina.ro\/#website","url":"https:\/\/carbucovina.ro\/","name":"Casa de Ajutor Reciproc Bucovina","description":"Casa de ajutor reciproc Suceava, Imprumuturi rapide, credite nebancare, credite rapide","publisher":{"@id":"https:\/\/carbucovina.ro\/#organization"},"potentialAction":[{"@type":"SearchAction","target":{"@type":"EntryPoint","urlTemplate":"https:\/\/carbucovina.ro\/?s={search_term_string}"},"query-input":"required name=search_term_string"}],"inLanguage":"en-US"},{"@type":"Organization","@id":"https:\/\/carbucovina.ro\/#organization","name":"Casa de Ajutor Reciproc Bucovina","url":"https:\/\/carbucovina.ro\/","sameAs":[],"logo":{"@type":"ImageObject","inLanguage":"en-US","@id":"https:\/\/carbucovina.ro\/#\/schema\/logo\/image\/","url":"http:\/\/carbucovina.ro\/wp-content\/uploads\/2015\/11\/logo.jpg","contentUrl":"http:\/\/carbucovina.ro\/wp-content\/uploads\/2015\/11\/logo.jpg","width":350,"height":350,"caption":"Casa de Ajutor Reciproc Bucovina"},"image":{"@id":"https:\/\/carbucovina.ro\/#\/schema\/logo\/image\/"}}]}},"_links":{"self":[{"href":"http:\/\/carbucovina.ro\/index.php\/wp-json\/wp\/v2\/pages\/40"}],"collection":[{"href":"http:\/\/carbucovina.ro\/index.php\/wp-json\/wp\/v2\/pages"}],"about":[{"href":"http:\/\/carbucovina.ro\/index.php\/wp-json\/wp\/v2\/types\/page"}],"author":[{"embeddable":true,"href":"http:\/\/carbucovina.ro\/index.php\/wp-json\/wp\/v2\/users\/1"}],"replies":[{"embeddable":true,"href":"http:\/\/carbucovina.ro\/index.php\/wp-json\/wp\/v2\/comments?post=40"}],"version-history":[{"count":15,"href":"http:\/\/carbucovina.ro\/index.php\/wp-json\/wp\/v2\/pages\/40\/revisions"}],"predecessor-version":[{"id":702,"href":"http:\/\/carbucovina.ro\/index.php\/wp-json\/wp\/v2\/pages\/40\/revisions\/702"}],"wp:attachment":[{"href":"http:\/\/carbucovina.ro\/index.php\/wp-json\/wp\/v2\/media?parent=40"}],"curies":[{"name":"wp","href":"https:\/\/api.w.org\/{rel}","templated":true}]}}